{"id":1941,"date":"2014-02-24T14:19:16","date_gmt":"2014-02-24T14:19:16","guid":{"rendered":"http:\/\/127.0.0.1\/createit\/?page_id=1941"},"modified":"2015-03-26T16:28:07","modified_gmt":"2015-03-26T16:28:07","slug":"home","status":"publish","type":"page","link":"https:\/\/www.parcquimic.com\/en\/","title":{"rendered":"Home"},"content":{"rendered":"<div  class=\"videoSection parallaxEffect\" data-property=\"{videoURL:&#039;https:\/\/youtu.be\/kxBzoa96cTE&#039;,containment:&#039;.videoSection .innerVideo&#039;,startAt:0,mute:true,autoPlay:true,loop:true,opacity:1,optimizeDisplay: true, showControls: false,quality: &#039;hd720&#039;, title:&#039; &#039;}\" id=\"video_parallax_slider381\"><div class=\"fallbackVideo\" style=\"display:none;\"><iframe loading=\"lazy\" width=\"560\" height=\"315\" src=\"https:\/\/youtu.be\/kxBzoa96cTE\" frameborder=\"0\" allowfullscreen><\/iframe><\/div><div class=\"innerVideo\"><\/div><section class=\"flexslider std-slider center-controls\" data-height=\"700\" data-loop=\"true\" data-smooth=\"true\" data-slideshow=\"true\" data-speed=\"15000\" data-animspeed=\"550\" data-controls=\"false\" data-dircontrols=\"true\"><ul class=\"slides\">\n<li><div class=\"container\"><div class=\"inner\"><div class=\"text-center\"><h2 class=\"page-title animated\" data-fx=\"fadeInDown\">BENVINGUTS<\/h2><h2 class=\"animated\" data-fx=\"bounceIn\">PARCS QU\u00cdMICS DE SEGURETAT<\/h2><a href=\"#QUISOM\" data-fx=\"fadeInUp\" class=\"btn btn-default btn-lg animated\">Conegui'ns<\/a><\/div><\/div><\/div><\/li>\n<!--&#091;video_parallax_slider_item header=\"PLUTO WORDPRESS THEME\" sub_header=\"BEAUTIFUL SCROLLING\" button_text=\"Purchase Theme\" button_link=\"http:\/\/themeforest.net\/item\/pluto-multipurpose-woocommerce-theme\/7941128?ref=ThemeWoodmen\"&#093;--><br \/>\n<\/ul><\/section><\/div><\/div>\n<p><!--[flex_slider] [flex_slider_item imgsrc=\"https:\/\/www.parcquimic.com\/wp-content\/uploads\/2014\/04\/home-v1-slider-01.jpg\"] [\/flex_slider_item] [\/flex_slider] --><\/p>\n<section  class=\"content-area animated\" id=\"QUISOM\" data-btmspace=\"0\" data-fx=\"fadeInLeft\" ><div class=\"container  \" >&nbsp;<\/p>\n<div style=\"padding-top: 30px;\"><\/div>\n<div  class=\"promoBox class\"><div class=\"row\"><div class=\"col-md-6 col-md-push-6\"><div class=\"inner\"><h2>Qui Som?<\/h2><p class=\"larger\">Els Parcs Qu\u00edmics de Seguretat de l\u2019AEQT s\u00f3n parcs de bombers d\u2019empresa que donen servei a les empreses dels pol\u00edgons petroqu\u00edmics de Tarragona i que actuen en cas d\u2019accident o emerg\u00e8ncia en les empreses dels pol\u00edgons petroqu\u00edmics de Tarragona.<\/p><a href=\"qui-som-2\/\" class=\"btn btn-default \">M\u00e9s Informaci\u00f3<\/a><\/div><\/div><div class=\"col-md-6 col-md-pull-6\"><img decoding=\"async\"  alt=\" \" src=\"http:\/\/kleversoft.net\/parcquimic\/wp-content\/uploads\/2014\/02\/quisom.jpg\"><\/div><\/div><\/div> <\/div><\/section>\n<section  class=\"content-area animated\" id=\"OBJECTIUS\" data-fx=\"none\" ><div class=\"container  \" >\n<p>&nbsp;<\/p>\n<h2 style=\"text-align: center;\">OBJECTIUS<\/h2>\n<div  class=\"row\"><div class=\"container \" ><div class=\"row\">\n<div  class=\"col-md-3 animated\" data-fx=\"fadeInUp\">\n<div  class=\"iconBox type1\"><div class=\"media\"><a class=\"pull-left\" href=\"\"><span class=\"octagon\"><span class=\"svg-load\"><\/span><i  class=\"fa fa-ambulance\"><\/i><\/span><\/a><div class=\"media-body\"><p  >Disposars d\u2019un equip permanent especialitzat en actuaci\u00f3 en emerg\u00e8ncies, preparat i equipat per a la lluita contra incendis.<br \/>\n<\/p><\/div><\/div><\/div>\n<\/div>\n<div  class=\"col-md-3 animated\" data-fx=\"fadeInDown\">\n<div  class=\"iconBox type1\"><div class=\"media\"><a class=\"pull-left\" href=\"\"><span class=\"octagon\"><span class=\"svg-load\"><\/span><i  class=\"fa fa-shield\"><\/i><\/span><\/a><div class=\"media-body\"><p  >Treballar per la millora continuada de la seguretat de les ind\u00fastries.<br \/>\n<\/p><\/div><\/div><\/div>\n<\/div>\n<div  class=\"col-md-3 animated\" data-fx=\"fadeInUp\">\n<div  class=\"iconBox type1\"><div class=\"media\"><a class=\"pull-left\" href=\"\"><span class=\"octagon\"><span class=\"svg-load\"><\/span><i  class=\"fa fa-bullhorn\"><\/i><\/span><\/a><div class=\"media-body\"><p  >Coordinaci\u00f3 l\u2019actuaci\u00f3 en el suposat cas d\u2019una emerg\u00e8ncia en el complex petroqu\u00edmic de Tarragona.<br \/>\n<\/p><\/div><\/div><\/div>\n<\/div>\n<div  class=\"col-md-3 animated\" data-fx=\"fadeInUp\">\n<div  class=\"iconBox type1\"><div class=\"media\"><a class=\"pull-left\" href=\"\"><span class=\"octagon\"><span class=\"svg-load\"><\/span><i  class=\"fa fa-crosshairs\"><\/i><\/span><\/a><div class=\"media-body\"><p  >Fer el seguiment dels episodis d\u2019olors que afecten a la poblaci\u00f3.<br \/>\n<\/p><\/div><\/div><\/div>\n<\/div>\n<\/div><\/div><\/div>\n<\/div><\/section>\n<section  class=\"content-area text-center make-overflow brightText animated\" id=\"chapter361\" data-fx=\"flipInX\" ><div class=\"container  \" ><header class=\"page-header text-center\"><h2 class=\"  \">EQUIP HUM\u00c0<\/h2><\/header>\n<div  class=\"col-md-6 animated\" data-fx=\"fadeInUp\" data-time=\"2000\">\n<div class=\"progress-icons\" data-font-size=\"35\" data-icon-color=\"#00a3d9\" data-active=\"43\" data-total=\"43\" data-icon=\"fa-user\" data-delay=\"20\" id=\"iconCounter959\"><\/div><\/div>\n<div  class=\"col-md-6\">\n<p style=\"text-align: left;\">L\u2019equip hum\u00e0 dels Parcs Qu\u00edmics est\u00e0 format per <strong>43<\/strong> t\u00e8cnics que garanteixen la presencia permanent de <strong>11<\/strong> bombers als Parcs. Concretament 17 bombers al Parc Nord, 23 al Parc Sud i Parc Port, i 3 per tallers operatius de Manteniment.<br \/>\n&nbsp;<br \/>\n<a  class=\"btn btn-default\" href=\"equip-huma\">M\u00e9s informaci\u00f3<\/a>\n<p>&nbsp;<\/p>\n<\/div>\n<div  class=\"col-md-4\">\n\r\n\t\t\t<div  class=\"timerCounter\">\r\n          <span class=\"timerVal\" data-from=\"0\" data-to=\"17\" data-speed=\"500\" data-refresh-interval=\"10\"><\/span>\r\n          <sup>T\u00e8cnics<\/sup>\r\n          <span class=\"timerDesc\">PARC NORD<\/span>\r\n        <\/div>\r\n           \n<\/div>\n<div  class=\"col-md-4\">\n\r\n\t\t\t<div  class=\"timerCounter\">\r\n          <span class=\"timerVal\" data-from=\"0\" data-to=\"23\" data-speed=\"500\" data-refresh-interval=\"10\"><\/span>\r\n          <sup>T\u00e8cnics<\/sup>\r\n          <span class=\"timerDesc\">PARC SUD i PARC PORT<\/span>\r\n        <\/div>\r\n           \n<\/div>\n<div  class=\"col-md-4\">\n\r\n\t\t\t<div  class=\"timerCounter\">\r\n          <span class=\"timerVal\" data-from=\"0\" data-to=\"3\" data-speed=\"500\" data-refresh-interval=\"10\"><\/span>\r\n          <sup>T\u00e8cnics<\/sup>\r\n          <span class=\"timerDesc\">TALLERS de MANTENIMENT<\/span>\r\n        <\/div>\r\n           \n<\/div>\n<\/div><\/section>\n<section  class=\"content-area\" id=\"news\" ><div class=\"container  \" ><div  class=\"recent_posts blog-main\"><div class=\"row withMargin\">\r\n            <div class=\"col-md-3 col-sm-6\">\r\n                <header class=\"page-header text-left \">\r\n                    <h1 class=\"page-title\"><\/h1>\r\n                    <h2>Not\u00edcies<\/h2>\r\n                    <a href=\"https:\/\/www.parcquimic.com\/en\/posts\/blog\/\" class=\"btn btn-default\">M\u00e9s Not\u00edcies<\/a>\r\n                <\/header>\r\n            <\/div><div class=\"col-md-3 col-sm-6\"><article id=\"post-6371\" class=\"blog-item\"><div class=\"blog-thumbnail thumb\" ><a href=\"https:\/\/www.parcquimic.com\/en\/els-parcs-quimics-de-seguretat-participen-en-el-flashmob-que-ha-organitzat-proteccio-civil-i-la-creu-roja-de-tarragona\/\"><img decoding=\"async\" src=\"https:\/\/www.parcquimic.com\/wp-content\/uploads\/2015\/03\/flashmob-aeqt-370x220.jpg\" alt=\" \"><\/a><\/div><div class=\"meta_box\"><span class=\"meta_date\">Mar 10, 2014 <\/span><\/div><h4 class=\"entry-title\"><a href=\"https:\/\/www.parcquimic.com\/en\/els-parcs-quimics-de-seguretat-participen-en-el-flashmob-que-ha-organitzat-proteccio-civil-i-la-creu-roja-de-tarragona\/\">Els Parcs Qu\u00edmics de Seguretat participen en el Flashmob que ha organitzat Protecci\u00f3 Civil i la Creu Roja de Tarragona<\/a><\/h4><\/article><\/div><div class='clearfix visible-xs'><\/div><div class=\"col-md-3 col-sm-6\"><article id=\"post-6374\" class=\"blog-item\"><div class=\"blog-thumbnail thumb\" ><a href=\"https:\/\/www.parcquimic.com\/en\/el-port-de-tarragona-cedeix-una-ambulancia-al-parc-quimic-port\/\"><img decoding=\"async\" src=\"https:\/\/www.parcquimic.com\/wp-content\/uploads\/2015\/03\/not\u00edcia2-370x220.jpg\" alt=\" \"><\/a><\/div><div class=\"meta_box\"><span class=\"meta_date\">Jan 16, 2014 <\/span><\/div><h4 class=\"entry-title\"><a href=\"https:\/\/www.parcquimic.com\/en\/el-port-de-tarragona-cedeix-una-ambulancia-al-parc-quimic-port\/\">El Port de Tarragona cedeix una ambul\u00e0ncia al Parc Qu\u00edmic Port<\/a><\/h4><\/article><\/div><div class=\"col-md-3 col-sm-6\"><article id=\"post-6381\" class=\"blog-item\"><div class=\"blog-thumbnail thumb\" ><a href=\"https:\/\/www.parcquimic.com\/en\/els-bombers-dels-parcs-quimics-de-seguretat-segons-a-les-xxiii-jornades-internacionals-de-seguretat\/\"><img decoding=\"async\" src=\"https:\/\/www.parcquimic.com\/wp-content\/uploads\/2015\/03\/jornades-2-370x220.jpg\" alt=\" \"><\/a><\/div><div class=\"meta_box\"><span class=\"meta_date\">Jun 18, 2013 <\/span><\/div><h4 class=\"entry-title\"><a href=\"https:\/\/www.parcquimic.com\/en\/els-bombers-dels-parcs-quimics-de-seguretat-segons-a-les-xxiii-jornades-internacionals-de-seguretat\/\">Els bombers dels Parcs Qu\u00edmics de Seguretat segons a les XXIII Jornades Internacionals de Seguretat<\/a><\/h4><\/article><\/div><\/div><div class=\"row withMargin\"><\/div><\/div><\/div><\/section>\n<section  class=\"content-area brightText animated\" id=\"MITJANS\" data-bg=\"https:\/\/www.parcquimic.com\/wp-content\/uploads\/2014\/12\/fondo-azul.jpg\" data-fx=\"fadeIn\" ><div class=\"container  \" ><header class=\"page-header text-center\"><h2 class=\"  \">MITJANS MATERIALS<\/h2><\/header>\n<div  class=\"col-md-6 animated\" data-fx=\"fadeInUp\" data-time=\"1000\">\n<div class=\"progress-icons\" data-font-size=\"60\" data-icon-color=\"#98BF00\" data-active=\"12\" data-total=\"12\" data-icon=\"fa-truck\" data-delay=\"20\" id=\"iconCounter464\"><\/div><\/div>\n<div  class=\"col-md-6\">\n<p style=\"text-align: left;\">Entre d&#8217;altres, per assolir els seus objectius, els Parcs Qu\u00edmics de Seguretat compten amb una flota de <strong>12<\/strong> veh\u00edcles especials.<\/p>\n<a  class=\"btn btn-default\" href=\"mitjans-materials\">M\u00e9s informaci\u00f3<\/a>\n<p>&nbsp;<\/p>\n<\/div>\n<div  class=\"col-md-3\">\n\r\n\t\t\t<div  class=\"timerCounter\">\r\n          <span class=\"timerVal\" data-from=\"0\" data-to=\"5\" data-speed=\"500\" data-refresh-interval=\"10\"><\/span>\r\n          <sup>VEHICLES PESANTS<\/sup>\r\n          <span class=\"timerDesc\"><\/span>\r\n        <\/div>\r\n           \n<\/div>\n<div  class=\"col-md-3\">\n\r\n\t\t\t<div  class=\"timerCounter\">\r\n          <span class=\"timerVal\" data-from=\"0\" data-to=\"2\" data-speed=\"500\" data-refresh-interval=\"10\"><\/span>\r\n          <sup>VEHICLES LLEUGERS<\/sup>\r\n          <span class=\"timerDesc\"><\/span>\r\n        <\/div>\r\n           \n<\/div>\n<div  class=\"col-md-3\">\n\r\n\t\t\t<div  class=\"timerCounter\">\r\n          <span class=\"timerVal\" data-from=\"0\" data-to=\"3\" data-speed=\"500\" data-refresh-interval=\"10\"><\/span>\r\n          <sup>AMBUL\u00c0NCIES<\/sup>\r\n          <span class=\"timerDesc\"><\/span>\r\n        <\/div>\r\n           \n<\/div>\n<div  class=\"col-md-3\">\n\r\n\t\t\t<div  class=\"timerCounter\">\r\n          <span class=\"timerVal\" data-from=\"0\" data-to=\"2\" data-speed=\"500\" data-refresh-interval=\"10\"><\/span>\r\n          <sup>FURGONETES DE RESCAT<\/sup>\r\n          <span class=\"timerDesc\"><\/span>\r\n        <\/div>\r\n           \n<\/div>\n<\/div><\/section>\n<div  class=\"parallaxSection\" data-bg=\"https:\/\/www.parcquimic.com\/wp-content\/uploads\/2014\/02\/fondoserveis2.jpg\" id=\"SERVEIS\"><section class=\"flexslider std-slider center-controls\" data-height=\"500px\" data-loop=\"true\" data-smooth=\"false\" data-slideshow=\"true\" data-speed=\"15000\" data-animspeed=\"550\" data-controls=\"false\" data-dircontrols=\"true\"><ul class=\"slides\"> <header  class=\"page-header text-center\"><h1 class=\"page-title\"><\/h1><h2>SERVEIS<\/h2><div class=\"larger headerDesc\">\n&nbsp;<br \/>\n<\/div><\/header>\n<div  class=\"col-md-4 text-center animated\" data-fx=\"fadeInUp\" data-time=\"500\"> <div  class=\"iconBox type4\"><div class=\"media\"><a class=\"pull-left\" href=\"\"><i  class=\"fa fa-external-link\"><\/i><\/a><div class=\"media-body\"><h4 class=\"  media-heading\"><a href=\"\">Serveis a Empreses Associades<\/a><\/h4><p  >Lloguer de Sales de Formaci\u00f3 i d&#8217;Equips de Bombers <br \/>&nbsp;<br \/>\n<\/p><\/div><\/div><\/div><\/div>\n<div  class=\"col-md-4 text-center animated\" data-fx=\"fadeInUp\" data-time=\"750\"><div  class=\"iconBox type4\"><div class=\"media\"><a class=\"pull-left\" href=\"\"><i  class=\"fa fa-fire-extinguisher\"><\/i><\/a><div class=\"media-body\"><h4 class=\"  media-heading\"><a href=\"\">Formaci\u00f3 i Pr\u00e0ctiques<\/a><\/h4><p  >Formaci\u00f3 en seguretat i coordinaci\u00f3 d&#8217;emerg\u00e8ncies <br \/>&nbsp;<br \/>\n<\/p><\/div><\/div><\/div><\/div>\n<div  class=\"col-md-4 text-center animated\" data-fx=\"fadeInUp\" data-time=\"1000\"><div  class=\"iconBox type4\"><div class=\"media\"><a class=\"pull-left\" href=\"\"><i  class=\"fa fa-tasks\"><\/i><\/a><div class=\"media-body\"><h4 class=\"  media-heading\"><a href=\"\">Manteniment i Assit\u00e8ncia Preventiva<\/a><\/h4><p  >Manteniment d&#8217;Equips contra incendis i extintors, vigil\u00e0ncia, neteja d&#8217;accesoris de seguretat, etc.<\/p><\/div><\/div><\/div><\/div><\/ul><\/section><\/div>\n<p><!--[parallax_slider subtitle=\"Serveis\" imgsrc=\"https:\/\/www.parcquimic.com\/wp-content\/uploads\/2014\/02\/fondoserveis2.jpg\"]\n[block_header subheader=\"SERVEIS\" align=\"center\"]\n&nbsp;\n[\/block_header]\n[third_column center=\"true\" animation_speed=\"500\" animation=\"fadeInUp\"] [icon_box type=\"4\" header=\"Serveis a Empreses Associades\" icon=\"fa-external-link\"]Lloguer de Sales de Formaci\u00f3 i d'Equips de Bombers <br \/>&nbsp;\n[\/icon_box][\/third_column]\n[third_column center=\"true\" animation_speed=\"750\" animation=\"fadeInUp\"][icon_box type=\"4\" header=\"Formaci\u00f3 i Pr\u00e0ctiques\" icon=\"fa-fire-extinguisher\"]Formaci\u00f3 en seguretat i coordinaci\u00f3 d'emerg\u00e8ncies <br \/>&nbsp;\n[\/icon_box][\/third_column]\n[third_column center=\"true\" animation_speed=\"1000\" animation=\"fadeInUp\"][icon_box type=\"4\" header=\"Manteniment i Assit\u00e8ncia Preventiva\" icon=\"fa-tasks\"]Manteniment d'Equips contra incendis i extintors, vigil\u00e0ncia, neteja d'accesoris de seguretat, etc.[\/icon_box][\/third_column][\/parallax_slider]--><\/p>\n<p><!--[chapter id=\"EMPRESES\" subtitle=\"EMPRESES ASSOCIADES\" background=\"\" background_color=\"1\" animation=\"fadeIn\"]\n[thumbnails_box columns=\"4\"]\n[thumbnails_box_item src=\"https:\/\/www.parcquimic.com\/wp-content\/uploads\/2014\/02\/asesa.jpg\"][\/thumbnails_box_item] \n[thumbnails_box_item src=\"https:\/\/www.parcquimic.com\/wp-content\/uploads\/2014\/02\/basf.jpg\"][\/thumbnails_box_item] \n[thumbnails_box_item src=\"https:\/\/www.parcquimic.com\/wp-content\/uploads\/2014\/02\/bertschi.jpg\"][\/thumbnails_box_item] \n[thumbnails_box_item src=\"https:\/\/www.parcquimic.com\/wp-content\/uploads\/2014\/02\/carburos.jpg\"][\/thumbnails_box_item] \n[thumbnails_box_item src=\"https:\/\/www.parcquimic.com\/wp-content\/uploads\/2014\/02\/cepsa.jpg\"][\/thumbnails_box_item] \n[thumbnails_box_item src=\"https:\/\/www.parcquimic.com\/wp-content\/uploads\/2014\/02\/clh.jpg\"][\/thumbnails_box_item] \n[thumbnails_box_item src=\"https:\/\/www.parcquimic.com\/wp-content\/uploads\/2014\/02\/dow.jpg\"][\/thumbnails_box_item] \n[thumbnails_box_item src=\"https:\/\/www.parcquimic.com\/wp-content\/uploads\/2014\/02\/vopak.jpg\"][\/thumbnails_box_item] \n[\/thumbnails_box]\n[\/chapter] --><\/p>\n","protected":false},"excerpt":{"rendered":"","protected":false},"author":1,"featured_media":0,"parent":0,"menu_order":0,"comment_status":"open","ping_status":"open","template":"","meta":{"footnotes":""},"class_list":["post-1941","page","type-page","status-publish","hentry"],"_links":{"self":[{"href":"https:\/\/www.parcquimic.com\/en\/wp-json\/wp\/v2\/pages\/1941","targetHints":{"allow":["GET"]}}],"collection":[{"href":"https:\/\/www.parcquimic.com\/en\/wp-json\/wp\/v2\/pages"}],"about":[{"href":"https:\/\/www.parcquimic.com\/en\/wp-json\/wp\/v2\/types\/page"}],"author":[{"embeddable":true,"href":"https:\/\/www.parcquimic.com\/en\/wp-json\/wp\/v2\/users\/1"}],"replies":[{"embeddable":true,"href":"https:\/\/www.parcquimic.com\/en\/wp-json\/wp\/v2\/comments?post=1941"}],"version-history":[{"count":234,"href":"https:\/\/www.parcquimic.com\/en\/wp-json\/wp\/v2\/pages\/1941\/revisions"}],"predecessor-version":[{"id":6533,"href":"https:\/\/www.parcquimic.com\/en\/wp-json\/wp\/v2\/pages\/1941\/revisions\/6533"}],"wp:attachment":[{"href":"https:\/\/www.parcquimic.com\/en\/wp-json\/wp\/v2\/media?parent=1941"}],"curies":[{"name":"wp","href":"https:\/\/api.w.org\/{rel}","templated":true}]}}