{"id":6031,"date":"2014-12-09T12:02:34","date_gmt":"2014-12-09T12:02:34","guid":{"rendered":"http:\/\/www.kleversoft.net\/parcquimic\/?page_id=6031"},"modified":"2015-04-16T09:59:34","modified_gmt":"2015-04-16T09:59:34","slug":"qui-som-2","status":"publish","type":"page","link":"https:\/\/www.parcquimic.com\/en\/qui-som-2\/","title":{"rendered":"QUI SOM"},"content":{"rendered":"<section  class=\"content-area bg2 animated\" id=\"INTRO\" data-fx=\"fadeInDown\" ><div class=\"container  \" ><header class=\"page-header text-center\"><h2 class=\"  \">INTRODUCCI\u00d3<\/h2><\/header>\n<div  class=\"col-md-3\"><\/div>\n<div  class=\"col-md-3\">\n<p  >\nEls Parcs Qu\u00edmics de Seguretat de l\u2019AEQT s\u00f3n parcs de bombers d\u2019empresa que donen servei a les empreses dels pol\u00edgons petroqu\u00edmics de Tarragona i que actuen en cas d\u2019accident o emerg\u00e8ncia en les empreses dels pol\u00edgons petroqu\u00edmics de Tarragona.<br \/>\n<\/p>\n<p  >\nEls bombers dels Parcs Qu\u00edmics de Seguretat actuen en cas d\u2019accident<br \/>\n<\/p>\n<\/div>\n<div  class=\"col-md-3\">\n<p  >\no emerg\u00e8ncia en les empreses del pol\u00edgons petroqu\u00edmics durant les 24h del dia.<br \/>\n<\/p>\n<p  >Per les caracter\u00edstiques i extensi\u00f3 del complex petroqu\u00edmic de Tarragona, compta amb tres parcs de bombers: el Parc Nord, al pol\u00edgon petroqu\u00edmic nord; el Parc Sud, al pol\u00edgon petroqu\u00edmic Sud; i un altre dins les instal\u2022lacions del Port de Tarragona.<\/p>\n<\/div>\n<div  class=\"col-md-3\"><\/div>\n<\/div><\/section>\n<section  class=\"content-area brightText animated\" id=\"OBJECTIUS\" data-bg=\"https:\/\/www.parcquimic.com\/wp-content\/uploads\/2014\/12\/fondoquisom.jpg\" data-topspace=\"0\" data-btmspace=\"0\" data-fx=\"none\" ><div class=\"container  \" >\n<div  class=\"flexslider std-slider center-controls\" data-height=\"300\" data-loop=\"true\" data-smooth=\"false\" data-slideshow=\"true\" data-speed=\"3500\" data-animspeed=\"600\" data-controls=\"true\" data-dircontrols=\"true\" data-animation=\"fade\" id=\"simple_slider202\"><ul class=\"slides\">\n<h1 class=\"espacio-titulo\">Objectius<\/h1>\n<li  >\n<div data-height=\"25\"  class=\"spacer \" style=\"height:25px\"><\/div>\n<blockquote  class=\"huge text-center\"><p  >Disposar d&#8217;un equip permanent especialitzat en actuaci\u00f3 d&#8217;emerg\u00e8ncies, preparat i equipat per a la lluita contra incendis<\/p><span class=\"author\"><\/span><\/blockquote>\n<\/li>\n<li  >\n<div data-height=\"25\"  class=\"spacer \" style=\"height:25px\"><\/div>\n<blockquote  class=\"huge text-center\"><p  >Treballar per la millora continuada de la seguretat de les ind\u00fastries<\/p><span class=\"author\"><\/span><\/blockquote>\n<\/li>\n<li  >\n<div data-height=\"25\"  class=\"spacer \" style=\"height:25px\"><\/div>\n<blockquote  class=\"huge text-center\"><p  >Coordinaci\u00f3 d&#8217;actuaci\u00f3 en el suposat cas d&#8217;una emerg\u00e8ncia en el complex petroqu\u00edmic de Tarragona<\/p><span class=\"author\"><\/span><\/blockquote>\n<\/li>\n<li  >\n<div data-height=\"25\"  class=\"spacer \" style=\"height:25px\"><\/div>\n<blockquote  class=\"huge text-center\"><p  >Fer el seguiment dels episodis d&#8217;olors que afecten a la poblaci\u00f3<\/p><span class=\"author\"><\/span><\/blockquote>\n<\/li>\n<\/ul><\/div>\n<\/div><\/section>\n<section  class=\"content-area bg2 animated\" id=\"chapter805\" data-fx=\"none\" ><div class=\"container  \" >\n<div  class=\"row\"><div class=\"container \" ><div class=\"row\">\n<div  class=\"col-md-3 col-sm-6 animated\" data-fx=\"fadeInLeft\">\n <header  class=\"page-header text-left\"><h1 class=\"page-title\">Els nostres serveis<\/h1><h2>Qu\u00e8 fa el Parc Qu\u00edmic?<\/h2><div class=\"headerDesc\">\n<p  >\n<\/p>\n<\/div><\/header>\n<\/div>\n<div  class=\"col-md-3 col-sm-6 animated\" data-fx=\"fadeInDown\">\n<div  class=\"iconBox type4\"><div class=\"media\"><a class=\"pull-left\" href=\"\"><i  class=\"fa fa-star\"><\/i><\/a><div class=\"media-body\"><h4 class=\"  media-heading\"><a href=\"\">Serveis a Empreses Associades<\/a><\/h4><p  >Lloguer de Sales de Formaci\u00f3 i d\u2019Equips de Bombers.<\/p><\/div><\/div><\/div>\n<\/div>\n<div  class=\"col-md-3 col-sm-6 animated\" data-fx=\"fadeInUp\">\n<div  class=\"iconBox type4\"><div class=\"media\"><a class=\"pull-left\" href=\"\"><i  class=\"fa fa fa-cog\"><\/i><\/a><div class=\"media-body\"><h4 class=\"  media-heading\"><a href=\"\">Formaci\u00f3 i Pr\u00e0ctiques<\/a><\/h4><p  >Formaci\u00f3 en seguretat i coordinaci\u00f3 d\u2019emerg\u00e8ncies.<br \/>\n<\/p><\/div><\/div><\/div>\n<\/div>\n<div  class=\"col-md-3 col-sm-6 animated\" data-fx=\"fadeInRight\">\n<div  class=\"iconBox type4\"><div class=\"media\"><a class=\"pull-left\" href=\"\"><i  class=\"fa fa-thumbs-up\"><\/i><\/a><div class=\"media-body\"><h4 class=\"  media-heading\"><a href=\"\">Manteniment i Assit\u00e8ncia Preventiva<\/a><\/h4><p  >Manteniment d\u2019Equips contra incendis i extintors, vigil\u00e0ncia, neteja d\u2019accesoris de seguretat, etc.<br \/>\n<\/p><\/div><\/div><\/div>\n<\/div>\n<\/div><\/div><\/div>\n<div  class=\"row\"><div class=\"container \" ><div class=\"row\">\n<p><\/p>\n<p>&nbsp;<\/p>\n<p>\n&nbsp;<\/p>\n<\/div><\/div><\/div>\n<\/div><\/section>\n","protected":false},"excerpt":{"rendered":"","protected":false},"author":1,"featured_media":0,"parent":0,"menu_order":0,"comment_status":"open","ping_status":"open","template":"","meta":{"footnotes":""},"class_list":["post-6031","page","type-page","status-publish","hentry"],"_links":{"self":[{"href":"https:\/\/www.parcquimic.com\/en\/wp-json\/wp\/v2\/pages\/6031","targetHints":{"allow":["GET"]}}],"collection":[{"href":"https:\/\/www.parcquimic.com\/en\/wp-json\/wp\/v2\/pages"}],"about":[{"href":"https:\/\/www.parcquimic.com\/en\/wp-json\/wp\/v2\/types\/page"}],"author":[{"embeddable":true,"href":"https:\/\/www.parcquimic.com\/en\/wp-json\/wp\/v2\/users\/1"}],"replies":[{"embeddable":true,"href":"https:\/\/www.parcquimic.com\/en\/wp-json\/wp\/v2\/comments?post=6031"}],"version-history":[{"count":53,"href":"https:\/\/www.parcquimic.com\/en\/wp-json\/wp\/v2\/pages\/6031\/revisions"}],"predecessor-version":[{"id":6526,"href":"https:\/\/www.parcquimic.com\/en\/wp-json\/wp\/v2\/pages\/6031\/revisions\/6526"}],"wp:attachment":[{"href":"https:\/\/www.parcquimic.com\/en\/wp-json\/wp\/v2\/media?parent=6031"}],"curies":[{"name":"wp","href":"https:\/\/api.w.org\/{rel}","templated":true}]}}