{"id":6353,"date":"2015-03-06T11:19:22","date_gmt":"2015-03-06T11:19:22","guid":{"rendered":"http:\/\/www.kleversoft.net\/parcquimic\/?page_id=6353"},"modified":"2018-06-06T09:36:47","modified_gmt":"2018-06-06T09:36:47","slug":"avis-legal","status":"publish","type":"page","link":"https:\/\/www.parcquimic.com\/en\/avis-legal\/","title":{"rendered":"Avis Legal"},"content":{"rendered":"<h3>1. Responsabilitat dels USUARIS en l\u2019\u00fas i contingut<\/h3>\n<p>L\u2019acc\u00e9s als websites, i l\u2019\u00fas que en pugui realitzar de la informaci\u00f3 i continguts que s\u2019hi incloguin, seran d\u2019exclusiva responsabilitat de qui el realitzi.<\/p>\n<p>En conseq\u00fc\u00e8ncia, l\u2019\u00fas que se\u2019n pugui fer de la informaci\u00f3, imatges, continguts i\/o productes ressenyats i accessibles a trav\u00e9s del mateix, estar\u00e0 subjecte a la legalitat aplicable, sigui nacional o internacional, aix\u00ed com als principis de la bona fe i \u00fas l\u00edcit per part dels USUARIS, els que en seran totalment responsables del mateix.<\/p>\n<p>Els USUARIS estaran obligats a una utilitzaci\u00f3 raonable dels serveis o continguts, sota el principi de la bona fe i el respecte a la legalitat vigent, a la moral i l\u2019ordre p\u00fablic, a les bones costums, als drets a tercers o del propi Parcquimic, tot aix\u00f2 segons les possibilitats i fins pels que estan concebuts.<\/p>\n<p>Parcquimic no assumeix cap responsabilitat, sigui directa o indirecta, per danys emergents o benefici de cessi\u00f3, derivada del mal \u00fas dels serveis o continguts que puguin realitzar els USUARIS o tercers.<\/p>\n<h3>2. <strong>Informaci\u00f3 LSSI-CE<\/strong><\/h3>\n<p>Parcquimic\u00a0ha adequat aquesta web a les exig\u00e8ncies de la Llei Org\u00e0nica 15\/1999, de 13 de desembre, de Protecci\u00f3 de Dades de Car\u00e0cter Personal (LOPD), i al Reial decret 1720\/2007, de 21 de desembre, conegut com el Reglament de desenvolupament de la\u00a0LOPD. Compleix tamb\u00e9 amb el Reglament (UE) 2016\/679 del Parlament Europeu i del Consell de 27 d&#8217;abril de 2016 relatiu a la protecci\u00f3 de les persones f\u00edsiques (RGPD), aix\u00ed com amb la Llei 34\/2002, d&#8217;11 de juliol, de Serveis de la Societat de la Informaci\u00f3 i Comer\u00e7 Electr\u00f2nic (LSSICE\u00a0o\u00a0LSSI).<\/p>\n<h3>3. Concepte d\u2019usuari<\/h3>\n<p>La utilitzaci\u00f3 de la Web atribueix la condici\u00f3 d\u2019USUARI, i implica l\u2019acceptaci\u00f3 plena i sense reserves de totes i cadascuna de les disposicions incloses en aquest AVIS LEGAL en la versi\u00f3 publicada per Parcquimic, en el mateix instant en que d\u2019USUARI accedeix a la web. En conseq\u00fc\u00e8ncia, d\u2019USUARI haur\u00e0 de llegir atentament el present document en cada ocasi\u00f3 en que es proposi la seva utilitzaci\u00f3, ja s\u2019hi poden produir modificacions.<\/p>\n<h3>4. Informaci\u00f3 en relaci\u00f3 als links<\/h3>\n<p>Parcquimic, no es responsabilitza de les webs no pr\u00f2pies, a les que s\u2019hi pugui accedir mitjan\u00e7ant vincles \u201clinks\u201d, o de qualsevol contingut, que tercers i puguin oferir.<\/p>\n<p>L\u2019\u00fas d\u2019un vincle o acc\u00e9s a una web no pr\u00f2pia, es realitzat a voluntat i sota risc exclusiu de l\u2019USUARI, pel que Parcquimic no recomana ni garanteix cap tipus d\u2019informaci\u00f3 que se\u2019n pugui obtenir amb la utilitzaci\u00f3 d\u2019aquests, aliens a la web de Parcquimic, ni se\u2019n responsabilitza de cap p\u00e8rdua, reclamaci\u00f3 o perjudici que en devingui del mateix o del mal \u00fas del vincle, o de la informaci\u00f3 que se\u2019n obtingui a trav\u00e9s d\u2019ell, incloent altres vincles o webs, tampoc de interrupcions en el servei o en l\u2019acc\u00e9s, o en intents frustrats amb vincles tant alhora de connectar a la web de Parcquimic, com alhora d\u2019accedir a la informaci\u00f3 d\u2019altres webs des de la de Parcquimic<\/p>\n<h3>5. <strong>Informaci\u00f3 sobre la utilitzaci\u00f3 de cookies<\/strong><\/h3>\n<p>L&#8217;entitat responsable de la recollida, processament i utilitzaci\u00f3 de les teves dades personals, en el sentit establert per la Llei de Protecci\u00f3 de Dades Personals \u00e9s\u00a0Parcquimic, amb NIF n\u00fam. B43748128, domiciliada a Reus, Avinguda de Tarragona, n\u00fameros 34-44 i les dades de contacte s\u00f3n:<\/p>\n<p>Carretera Vella de la Pobla T-750, s\/n<br \/>\n43140 La Pobla de Mafumet (TARRAGONA)<br \/>\n+34 977 270 066 | +34 977 270 068<br \/>\n<a href=\"mailto:info@parcquimic.com\">info@parcquimic.com<\/a><\/p>\n<p>L&#8217;acc\u00e9s a aquest Lloc web pot implicar la utilitzaci\u00f3 de\u00a0cookies. Les\u00a0cookies\u00a0s\u00f3n petites quantitats d&#8217;informaci\u00f3 que s&#8217;emmagatzemen en el navegador utilitzat per cada Usuari \u2014en els diferents dispositius que pugui utilitzar per navegar\u2014 perqu\u00e8 el servidor recordi certa informaci\u00f3 que posteriorment i \u00fanicament el servidor que la va implementar llegir\u00e0. Les\u00a0cookies\u00a0faciliten la navegaci\u00f3, la fan m\u00e9s amigable, i no danyen el dispositiu de navegaci\u00f3.<\/p>\n<p>Les\u00a0cookies\u00a0s\u00f3n procediments autom\u00e0tics de recollida d&#8217;informaci\u00f3 relativa a les prefer\u00e8ncies determinades per l&#8217;Usuari durant la seva visita al Lloc web amb la finalitat de recon\u00e8ixer-ho com a Usuari, i personalitzar la seva experi\u00e8ncia i l&#8217;\u00fas del Lloc web, i poden tamb\u00e9, per exemple, ajudar a identificar i resoldre errors.<\/p>\n<p>La informaci\u00f3 recaptada a trav\u00e9s de les\u00a0cookiespot incloure la data i hora de visites al Lloc web, les p\u00e0gines visionades, el temps que ha estat en el Lloc web i els llocs visitats just abans i despr\u00e9s del mateix. No obstant aix\u00f2, cap\u00a0cookie\u00a0permet que aquesta mateixa pugui contactar-se amb el n\u00famero de tel\u00e8fon de l&#8217;Usuari o amb qualsevol altre mitj\u00e0 de contacte personal. Cap\u00a0cookie\u00a0pot extreure informaci\u00f3 del disc dur de l&#8217;Usuari o robar informaci\u00f3 personal. L&#8217;\u00fanica manera que la informaci\u00f3 privada de l&#8217;Usuari formi part de l&#8217;arxiu\u00a0Cookie\u00a0\u00e9s que l&#8217;usuari doni personalment aquesta informaci\u00f3 al servidor.<\/p>\n<p>Cookies\u00a0pr\u00f2pies:<br \/>\nS\u00f3n aquelles\u00a0cookies\u00a0que s\u00f3n enviades a l&#8217;ordinador o dispositiu de l&#8217;Usuari i gestionades exclusivament per\u00a0KLEVER\u00a0per al millor funcionament del Lloc web. La informaci\u00f3 que es recapta s&#8217;empra per millorar la qualitat del Lloc web i el seu Contingut i la seva experi\u00e8ncia com a Usuari. Aquestes\u00a0cookies\u00a0permeten recon\u00e8ixer a l&#8217;Usuari com a visitant recurrent del Lloc web i adaptar el contingut per oferir-li continguts que s&#8217;ajustin a les seves prefer\u00e8ncies.<\/p>\n<p>Cookies\u00a0de tercers:<br \/>\nS\u00f3n\u00a0cookies\u00a0utilitzades i gestionades per entitats externes que proporcionen a\u00a0KLEVER\u00a0serveis sol\u00b7licitats per aquest mateix per millorar el Lloc web i l&#8217;experi\u00e8ncia de l&#8217;usuari en navegar en el Lloc web. Els principals objectius pels quals s&#8217;utilitzen\u00a0cookies\u00a0de tercers s\u00f3n l&#8217;obtenci\u00f3 d&#8217;estad\u00edstiques d&#8217;accessos i analitzar la informaci\u00f3 de la navegaci\u00f3, \u00e9s a dir, com interactua l&#8217;Usuari amb el Lloc web.<\/p>\n<p>_gid. Es tracta d&#8217;una\u00a0cookie\u00a0anal\u00edtica, relacionada amb Google\u00a0Analytics\u00a0que s&#8217;usa per distingir als usuaris. T\u00e9 una durada de 24 hores.<\/p>\n<p>_ga\u00a0Es tracta d&#8217;una\u00a0cookie\u00a0anal\u00edtica, relacionada amb Google\u00a0Analytics. Emmagatzema un identificador de client \u00fanic i serveix per al control de les visites \u00faniques, dades d&#8217;usuaris, campanyes. T\u00e9 una caducitat de 2 anys.<br \/>\n_gat\u00a0S&#8217;usa per diferenciar entre els diferents objectes de seguiment creats en la sessi\u00f3. La\u00a0cookie\u00a0es crea en carregar la llibreria\u00a0javascript\u00a0i no existeix una versi\u00f3 pr\u00e8via. S&#8217;actualitza cada vegada que s&#8217;envien les dades a Google\u00a0Analytics.<\/p>\n<p>_utma\u00a0Recopila informaci\u00f3 an\u00f2nima sobre la navegaci\u00f3 dels usuaris pel lloc web amb la finalitat de con\u00e8ixer l&#8217;origen de les visites i altres dades estad\u00edstiques similars. relacionada amb Google\u00a0Analytics. T\u00e9 una caducitat de 2 anys.<\/p>\n<p>https:\/\/www.google.com\/analytics\/learn\/privacy.htm<\/p>\n<p>La(s) entitat(\u00e9s) encarregada(s) del subministrament de\u00a0cookies\u00a0podr\u00e0(n) cedir aquesta informaci\u00f3 a tercers, sempre que ho exigeixi la llei o sigui un tercer el que processi aquesta informaci\u00f3 per a aquestes entitats.<\/p>\n<p>Deshabilitar, rebutjar i eliminar\u00a0cookies:<br \/>\nL&#8217;Usuari pot deshabilitar, rebutjar i eliminar les\u00a0cookies\u00a0\u2014total o parcialment\u2014 instal\u00b7lades en el seu dispositiu mitjan\u00e7ant la configuraci\u00f3 del seu navegador (entre els quals es troben, per exemple,\u00a0Chrome, Firefox, Safari, Explorer). En aquest sentit, els procediments per rebutjar i eliminar les\u00a0cookies\u00a0poden diferir d&#8217;un navegador d&#8217;Internet a un altre. En conseq\u00fc\u00e8ncia, l&#8217;Usuari deu, acudir a les instruccions facilitades pel propi navegador d&#8217;Internet que estigui utilitzant. En el cas que rebutgi l&#8217;\u00fas de\u00a0cookies\u00a0\u2014total o parcialment\u2014 podr\u00e0 seguir usant el Lloc web, si b\u00e9 podr\u00e0 tenir limitada la utilitzaci\u00f3 d&#8217;algunes de les prestacions del mateix.<\/p>\n<p>\u2013 Internet Explorer: Eines &gt; Opcions d&#8217;Internet &gt; Privadesa &gt; Configuraci\u00f3.<\/p>\n<p>\u2013 Firefox: Eines &gt; Opcions &gt; Privadesa &gt; Historial &gt; Configuraci\u00f3 Personalitzada.<\/p>\n<p>\u2013\u00a0\u00a0Chrome: Configuraci\u00f3 &gt; Mostrar opcions avan\u00e7ades &gt; Privadesa &gt; Configuraci\u00f3 de contingut.<\/p>\n<p>\u2013 Safari: Prefer\u00e8ncies &gt; Seguretat.<\/p>\n<p>Canvis en la Pol\u00edtica de\u00a0Cookies:<br \/>\n\u00c9s possible que la Pol\u00edtica de\u00a0Cookies\u00a0del Lloc web canvi\u00ef o s&#8217;actualitzi, per aix\u00f2 \u00e9s recomanable revisar aquesta pol\u00edtica cada vegada que accedeixi al Lloc web amb l&#8217;objectiu d&#8217;estar adequadament informat sobre com i para qu\u00e8 usem les\u00a0cookies.<\/p>\n<h3>6. Ren\u00fancia i limitaci\u00f3 de la responsabilitat<\/h3>\n<p>La informaci\u00f3 i serveis que s\u2019inclouen o estan a disposici\u00f3 a trav\u00e9s de les p\u00e0gines web, poden incloure incorreccions o errors tipogr\u00e0fics. De manera peri\u00f2dica s\u2019actualitza la informaci\u00f3 que en aquestes s\u2019hi mostra. Parcquimic, pot introduir en qualsevol moment millores i \/o canvis en els serveis o continguts.<\/p>\n<p>Parcquimic, obt\u00e9 la informaci\u00f3 i els materials inclosos en la web de fonts considerades fiables, per\u00f2 encara que es prenen tot tipus de mesures per assegurar que sigui del tot correcte, no se\u2019n garanteix que resulti exacta i actualitzada.<\/p>\n<h3>7. Informaci\u00f3 sobre la exempci\u00f3 de tota responsabilitat devinguda d\u2019una errada t\u00e8cnica i de contingut.<\/h3>\n<p>Parcquimic, declina tota responsabilitat en cas de l\u2019exist\u00e8ncia d\u2019interrupcions o de mal funcionament en els serveis o continguts que s\u2019ofereixen en Internet, sigui quina sigui la causa. Tanmateix, Parcquimic, no es responsabilitza per caigudes de xarxa ni p\u00e8rdues de negoci en conseq\u00fc\u00e8ncia, suspensions temporals del fluid el\u00e8ctric o qualsevol altre tipus de dany indirecte que pugui ser provocat als USUARIS per causes alienes a Parcquimic<\/p>\n<p>Parcquimic, no declara ni garanteix que els serveis i continguts siguin interromputs o que estiguin lliures d\u2019errors, que els defectes siguin corregits o que el servei o servidor que l\u2019ofereix, estiguin lliures de virus o altres components nocius, sense perjudici de que Parcquimic realitzi els seus millors esfor\u00e7os en evitar aquests tipus d\u2019incidents. En cas de que l\u2019USUARI prengu\u00e9s determinades decisions o realitzes accions en base a la informaci\u00f3 que s\u2019inclou en els websites, es recomana la comprovaci\u00f3 de la informaci\u00f3 rebuda amb la d\u2019altres fonts.<\/p>\n<h3>8. Propietat industrial i intel\u00b7lectual<\/h3>\n<p>Els continguts presentats per Parcquimic, aix\u00ed com els vesats en la xarxa a trav\u00e9s de les seves p\u00e0gines web, constitueixen una obra en el sentit de la legislaci\u00f3 sobre la propietat intel\u00b7lectual, pel que es troben protegits per les lleis i convenis internacionals aplicables en la mat\u00e8ria.<\/p>\n<p>Queda totalment prohibida la reproducci\u00f3, distribuci\u00f3, comunicaci\u00f3 p\u00fablica, transformaci\u00f3, posta a disposici\u00f3 i, en general, qualsevol altre acte d\u2019explotaci\u00f3 p\u00fablica en relaci\u00f3 tant a les p\u00e0gines Web com als seus continguts e informaci\u00f3, sense previ i expr\u00e9s consentiment per escrit de Parcquimic<\/p>\n<p>En conseq\u00fc\u00e8ncia, tots els continguts que es mostren en els diferents websites i en especial, dissenys, texts, gr\u00e0fics, logos, icones, botons, software, noms comercials, marques, dibuixos industrials o qualsevol altre signe susceptible d\u2019utilitzaci\u00f3 industrial i comercial estan subjectes als drets de propietat intel\u00b7lectual i industrial de Parcquimic, o dels tercers propietaris dels mateixos, que han autoritzat degudament la seva inclusi\u00f3 en els diferents websites.<\/p>\n<p>Els continguts, imatges, formes, opinions, \u00edndexs i dem\u00e9s expressions que formen part de les p\u00e0gines Web, aix\u00ed com el software necessari pel seu funcionament i visualitzaci\u00f3 de les mateixes, constitueixen tanmateix una obra, en el sentit dels Drets d\u2019Autor i queden, per tant, protegides per les convencions internacionals i legislacions nacionals en mat\u00e8ria de Propietat Intel\u00b7lectual que resulten d\u2019aplicaci\u00f3. L\u2019 incompliment d\u2019aquestes ressenyes implica la comissi\u00f3 de greus actes il\u00b7l\u00edcits susceptible de sanci\u00f3 per la legislaci\u00f3 civil i penal vigents.<\/p>\n<p>Queda totalment prohibit qualsevol acte per virtut del qual, els USUARIS dels serveis o continguts puguin servir-se\u2019n comercialment, directa o indirectament, parcial o totalment, dels mateixos, imatges, formes, \u00edndexs i dem\u00e9s expressions formals que composin part de les p\u00e0gines Web sense l\u2019obtenci\u00f3 pr\u00e8via i per escrit del consentiment de Parcquimic<\/p>\n<p>En concret, i sense car\u00e0cter exhaustiu, queden prohibits els actes de reproducci\u00f3, distribuci\u00f3, exhibici\u00f3, transmissi\u00f3, retransmissi\u00f3, emissi\u00f3 en qualsevol forma o manera, emmagatzemen en suports f\u00edsics o l\u00f2gics (per exemple, mem\u00f2ries flash o discs durs), digitalitzaci\u00f3 o oferta a disposici\u00f3 des de bases de dades diferents de les pertanyents a les autoritzades per Parcquimic, aix\u00ed com la seva traducci\u00f3, adaptaci\u00f3, arranjament o qualsevol altre transformaci\u00f3 de dites opinions, imatges, formes, \u00edndexs i dem\u00e9s expressions formals que es posen a disposici\u00f3 dels USUARIS a trav\u00e9s dels serveis o continguts en tant tals actes estiguin sotmesos a la legislaci\u00f3 aplicable en mat\u00e8ria de la Propietat Intel\u00b7lectual, industrial o de protecci\u00f3 de la imatge.<\/p>\n<p>Parcquimic, es lliure de limitar l\u2019acc\u00e9s a les p\u00e0gines Web i als productes i\/o serveis que s\u2019hi ofereixen, aix\u00ed com la conseq\u00fcent publicaci\u00f3 de les opinions, observacions, imatges o comentaris que els USUARIS puguin fer-li arribar a trav\u00e9s del correu electr\u00f2nic.<\/p>\n<p>Parcquimic, en aquest sentit, podr\u00e0 establir de considerar-ho oport\u00fa, sense perjudici de la \u00fanica i exclusiva responsabilitat dels USUARIS, els filtres necessaris a fi d\u2019evitar que a trav\u00e9s de les seves p\u00e0gines Web es puguin vesar en la xarxa continguts i opinions considerades racistes, xen\u00f2fobes, discriminat\u00f2ries, pornogr\u00e0fiques, difamat\u00f2ries o que, en qualsevol cas, fomentin la viol\u00e8ncia o la disseminaci\u00f3 de continguts clarament il\u00b7l\u00edcits o nocius.<\/p>\n<p>Aquells USUARIS que envi\u00efn a les p\u00e0gines Web de Parcquimic, al seu departament de suggeriments, observacions, opinions o comentaris per mitja de correu electr\u00f2nic, llevat que demanin de manera certa e inconfutable el contrari, en els casos en els que per naturalesa dels serveis o continguts aix\u00f2 sigui possible, s\u2019ent\u00e9n que autoritzen a Parcquimic, a la reproducci\u00f3, distribuci\u00f3, exhibici\u00f3, transmissi\u00f3, retransmissi\u00f3, emissi\u00f3 en qualsevol format, emmagatzematge en suports f\u00edsics o l\u00f2gics (por exemple, disquets o discs durs d\u2019ordinadors), digitalitzaci\u00f3, posta a disposici\u00f3 des de bases de dades propietat de Parcquimic, traducci\u00f3, adaptaci\u00f3, arranjament o qualsevol altre transformaci\u00f3 de tals observacions, opinions o comentaris, per tot el per\u00edode de temps de protecci\u00f3 del dret d\u2019autor que estigui previst legalment. Tanmateix, s\u2019ent\u00e9n que aquesta autoritzaci\u00f3 es fa a t\u00edtol gratu\u00eft, i que pel sol fet d\u2019enviar per correu electr\u00f2nic aquestes observacions, opinions o comentaris, els USUARIS renuncien a la percepci\u00f3 de qualsevol pretensi\u00f3 remunerat\u00f2ria a percebre de Parcquimic<\/p>\n<p>D\u2019acord amb l\u2019esmentat en la par\u00e0graf anterior, Parcquimic, queda autoritzada igualment per procedir a la notificaci\u00f3 o alteraci\u00f3 de tals observacions, opinions o comentaris a fi d\u2019adaptar-los a les necessitats del format editorial de les p\u00e0gines Web, sense que per aix\u00f2 pugui entendre\u2019s que existeix en absolut cap tipus de lesi\u00f3 de qualsevol de les facultats morals de dret d\u2019autor que els USUARIS poguessin ostentar sobre aquelles.<\/p>\n<p>Queden prohibits qualsevol dels recursos t\u00e8cnics, l\u00f2gics o tecnol\u00f2gics per virtut dels quals un tercer pugui beneficiar-se, directa o indirectament, amb o sense lucre, de tots i cadascun dels continguts, formes, \u00edndexs i dem\u00e9s expressions formals que formen part de les p\u00e0gines Web, o de l\u2019esfor\u00e7 dut a terme per Parcquimic, pel seu bon funcionament. En concret, queda prohibit tot link, hyperlink, framing o vincle similar que pugui establir-se en direcci\u00f3 a les p\u00e0gines Web de Parcquimic, sense el previ consentiment, expr\u00e9s i per escrit de Parcquimic Qualsevol transgressi\u00f3 de les disposicions d\u2019aquest punt, ser\u00e0 considerada com una lesi\u00f3 del leg\u00edtims drets de la Propietat Intel\u00b7lectual de Parcquimic, sobre les p\u00e0gines Web i tots els seus continguts.<\/p>\n<p>Parcquimic, no assumir\u00e0 cap responsabilitat davant conseq\u00fc\u00e8ncies que devinguin de les conductes o actuacions abans esmentades, tampoc n\u2019assumir\u00e0 cap pels continguts, serveis, productes, etc., de tercers als que s\u2019hi pugui accedir directament o a trav\u00e9s de banners, enlla\u00e7os, links, hypelinks, framing o vincles similars des de\u2019ls websites de Parcquimic<\/p>\n","protected":false},"excerpt":{"rendered":"<p>1. Responsabilitat dels USUARIS en l\u2019\u00fas i contingut L\u2019acc\u00e9s als websites, i l\u2019\u00fas que en pugui realitzar de la informaci\u00f3 i continguts que s\u2019hi incloguin, seran d\u2019exclusiva responsabilitat de qui el realitzi. En conseq\u00fc\u00e8ncia, l\u2019\u00fas que se\u2019n pugui fer de la informaci\u00f3, imatges, continguts i\/o productes ressenyats i accessibles a trav\u00e9s del mateix, estar\u00e0 subjecte a la legalitat aplicable, sigui [&hellip;]<\/p>\n","protected":false},"author":1,"featured_media":0,"parent":0,"menu_order":0,"comment_status":"open","ping_status":"open","template":"","meta":{"footnotes":""},"class_list":["post-6353","page","type-page","status-publish","hentry"],"_links":{"self":[{"href":"https:\/\/www.parcquimic.com\/en\/wp-json\/wp\/v2\/pages\/6353","targetHints":{"allow":["GET"]}}],"collection":[{"href":"https:\/\/www.parcquimic.com\/en\/wp-json\/wp\/v2\/pages"}],"about":[{"href":"https:\/\/www.parcquimic.com\/en\/wp-json\/wp\/v2\/types\/page"}],"author":[{"embeddable":true,"href":"https:\/\/www.parcquimic.com\/en\/wp-json\/wp\/v2\/users\/1"}],"replies":[{"embeddable":true,"href":"https:\/\/www.parcquimic.com\/en\/wp-json\/wp\/v2\/comments?post=6353"}],"version-history":[{"count":3,"href":"https:\/\/www.parcquimic.com\/en\/wp-json\/wp\/v2\/pages\/6353\/revisions"}],"predecessor-version":[{"id":6971,"href":"https:\/\/www.parcquimic.com\/en\/wp-json\/wp\/v2\/pages\/6353\/revisions\/6971"}],"wp:attachment":[{"href":"https:\/\/www.parcquimic.com\/en\/wp-json\/wp\/v2\/media?parent=6353"}],"curies":[{"name":"wp","href":"https:\/\/api.w.org\/{rel}","templated":true}]}}