{"id":6581,"date":"2015-03-27T15:39:33","date_gmt":"2015-03-27T15:39:33","guid":{"rendered":"http:\/\/www.kleversoft.net\/parcquimic\/enllacos-dinteres-2\/"},"modified":"2015-04-16T09:59:32","modified_gmt":"2015-04-16T09:59:32","slug":"enllacos-dinteres","status":"publish","type":"page","link":"https:\/\/www.parcquimic.com\/es\/enllacos-dinteres\/","title":{"rendered":"Enlla\u00e7os d&#8217;Inter\u00e9s"},"content":{"rendered":"<ul id=\"enlaces\">\n<li>\n<div>\n<div class=\"info\">\n<h3>PLASEQTA<\/h3>\n<p>Informaci\u00f3 sobre Pla d&#8217;emerg\u00e8ncia del sector qu\u00edmic de Tarragona.<\/p>\n<div class=\"link\"><a href=\"http:\/\/www10.gencat.net\/int_pseqta\/AppJava\/ES\/plaseqta\/opc5.html\" target=\"_blank\">http:\/\/www10.gencat.net\/int_pseqta\/AppJava\/ES\/plaseqta\/opc5.html<\/a><\/div>\n<\/div>\n<\/div>\n<div><\/div>\n<\/li>\n<li>\n<div>\n<div class=\"info\">\n<h3>Departament de Just\u00edcia i Interior<\/h3>\n<p>Informaci\u00f3 sobre Pla d&#8217;emerg\u00e8ncia del sector qu\u00edmic de Tarragona.<\/p>\n<div class=\"link\"><a href=\"http:\/\/www.gencat.cat\/interior\/esc\/riscos\/esc_riscos_080703.htm\" target=\"_blank\">http:\/\/www.gencat.cat\/interior\/esc\/riscos\/esc_riscos_080703.htm<\/a><\/div>\n<\/div>\n<\/div>\n<div><\/div>\n<\/li>\n<li>\n<div>\n<div class=\"info\">\n<h3>AEQT<\/h3>\n<p>Associaci\u00f3 Empresarial Qu\u00edmica de Tarragona.<\/p>\n<div class=\"link\"><a href=\"http:\/\/www.aeqt.com\/\" target=\"_blank\">http:\/\/www.aeqt.com\/<\/a><\/div>\n<\/div>\n<\/div>\n<div><\/div>\n<\/li>\n<li>\n<div>\n<div class=\"info\">\n<h3>Port Tarragona<\/h3>\n<p>Informaci\u00f3 sobre l&#8217;Autoritat Portu\u00e0ria de Tarragona.<\/p>\n<div class=\"link\"><a href=\"http:\/\/www.porttarragona.es\/\" target=\"_blank\">http:\/\/www.porttarragona.es\/<\/a><\/div>\n<\/div>\n<\/div>\n<div><\/div>\n<\/li>\n<li>\n<div>\n<div class=\"info\">\n<h3>Iturri<\/h3>\n<p>Botiga Online de roba de treball.<\/p>\n<div class=\"link\"><a href=\"http:\/\/www.iturri.com\/\" target=\"_blank\">http:\/\/www.iturri.com\/<\/a><\/div>\n<\/div>\n<\/div>\n<div><\/div>\n<\/li>\n<li>\n<div>\n<div class=\"info\">\n<h3>Lainsa Serveis contra incendis<\/h3>\n<p>Protecci\u00f3 Activa Contra Incendi a Industries de diferents riscos.<\/p>\n<div class=\"link\"><a href=\"http:\/\/www.lainsa-sci.com\/\" target=\"_blank\">http:\/\/www.lainsa-sci.com\/<\/a><\/div>\n<\/div>\n<\/div>\n<\/li>\n<\/ul>\n","protected":false},"excerpt":{"rendered":"<p>PLASEQTA Informaci\u00f3 sobre Pla d&#8217;emerg\u00e8ncia del sector qu\u00edmic de Tarragona. http:\/\/www10.gencat.net\/int_pseqta\/AppJava\/ES\/plaseqta\/opc5.html Departament de Just\u00edcia i Interior Informaci\u00f3 sobre Pla d&#8217;emerg\u00e8ncia del sector qu\u00edmic de Tarragona. http:\/\/www.gencat.cat\/interior\/esc\/riscos\/esc_riscos_080703.htm AEQT Associaci\u00f3 Empresarial Qu\u00edmica de Tarragona. http:\/\/www.aeqt.com\/ Port Tarragona Informaci\u00f3 sobre l&#8217;Autoritat Portu\u00e0ria de Tarragona. http:\/\/www.porttarragona.es\/ Iturri Botiga Online de roba de treball. http:\/\/www.iturri.com\/ Lainsa Serveis contra incendis Protecci\u00f3 Activa Contra Incendi a Industries [&hellip;]<\/p>\n","protected":false},"author":1,"featured_media":0,"parent":0,"menu_order":0,"comment_status":"open","ping_status":"open","template":"","meta":{"footnotes":""},"class_list":["post-6581","page","type-page","status-publish","hentry"],"_links":{"self":[{"href":"https:\/\/www.parcquimic.com\/es\/wp-json\/wp\/v2\/pages\/6581","targetHints":{"allow":["GET"]}}],"collection":[{"href":"https:\/\/www.parcquimic.com\/es\/wp-json\/wp\/v2\/pages"}],"about":[{"href":"https:\/\/www.parcquimic.com\/es\/wp-json\/wp\/v2\/types\/page"}],"author":[{"embeddable":true,"href":"https:\/\/www.parcquimic.com\/es\/wp-json\/wp\/v2\/users\/1"}],"replies":[{"embeddable":true,"href":"https:\/\/www.parcquimic.com\/es\/wp-json\/wp\/v2\/comments?post=6581"}],"version-history":[{"count":1,"href":"https:\/\/www.parcquimic.com\/es\/wp-json\/wp\/v2\/pages\/6581\/revisions"}],"predecessor-version":[{"id":6621,"href":"https:\/\/www.parcquimic.com\/es\/wp-json\/wp\/v2\/pages\/6581\/revisions\/6621"}],"wp:attachment":[{"href":"https:\/\/www.parcquimic.com\/es\/wp-json\/wp\/v2\/media?parent=6581"}],"curies":[{"name":"wp","href":"https:\/\/api.w.org\/{rel}","templated":true}]}}