{"id":6587,"date":"2015-03-06T11:21:16","date_gmt":"2015-03-06T11:21:16","guid":{"rendered":"http:\/\/www.kleversoft.net\/parcquimic\/termes-i-condicions-2\/"},"modified":"2015-04-16T09:59:32","modified_gmt":"2015-04-16T09:59:32","slug":"termes-i-condicions","status":"publish","type":"page","link":"https:\/\/www.parcquimic.com\/es\/termes-i-condicions\/","title":{"rendered":"Termes i Condicions"},"content":{"rendered":"<p>1. Objecte de la pol\u00edtica de privacitat<\/p>\n<p>2. Confidencialitat<\/p>\n<p>3. Informaci\u00f3 sobre la voluntat de cedir les dades i les seves conseq\u00fc\u00e8ncies.<\/p>\n<p>4. Informaci\u00f3 a l\u2019usuari sobre els drets de rectificaci\u00f3, acc\u00e9s, oposici\u00f3 i cancel\u00b7laci\u00f3 de les seves dades<\/p>\n<p>5. Informaci\u00f3 sobre les dades que es conserven, durada i finalitat<\/p>\n<p>6. Comprom\u00eds de l\u2019usuari per que les seves dades siguin inscrites en un fitxer<\/p>\n<p>7. Evitar la transmissi\u00f3 de dades a terceres empreses sense el consentiment expr\u00e9s de l\u2019usuari<\/p>\n<p>8. Baixa de la llista de distribuci\u00f3 de informaci\u00f3 professional<\/p>\n<h3>1. Objecte de la pol\u00edtica de privacitat<\/h3>\n<p>Parcquimic, informa als USUARIS que compleix amb la vigent normativa de protecci\u00f3 de dades i amb car\u00e0cter especial, amb la Llei Org\u00e0nica 15\/1999, de 13 de Desembre, de \u201c<em>Protecci\u00f3n de Datos de Car\u00e1cter Personal<\/em>\u201d, la Llei 34\/2002, de 11 de juliol, de \u201c<em>Servicios de la Sociedad de la Informaci\u00f3n y Comercio Electr\u00f3nico<\/em>\u201d, y dem\u00e9s normativa de desenvolupament en l\u2019\u00e0mbit de compet\u00e8ncia.<\/p>\n<p>D\u2019acord amb les disposicions de la normativa vigent Parcquimic, nom\u00e9s recull les dades estrictament necess\u00e0ries per oferir els seus serveis.<\/p>\n<p>La present pol\u00edtica de protecci\u00f3 de dades podr\u00e0 variar amb el temps degut als possibles canvis legislatius, jurisprudencials o dels criteris seguits per l\u2019 \u201d<em>Agencia Espa\u00f1ola de Protecci\u00f3n de Datos<\/em>\u201d i\/o autoritat competent en cada moment. Es per aquest motiu que Parcquimic, es reserva el dret a modificar el present avis legal amb l\u2019inter\u00e8s d\u2019adaptar-lo a les novetats legislatives i jurisprudencials que es trobin en vigor en cada moment que s\u2019accedeixi als websites, aix\u00ed com a pr\u00e0ctiques del sector.<\/p>\n<p>En els anteriors sup\u00f2sits, Parcquimic, anunciar\u00e0 en aquesta p\u00e0gina Web, els canvis introdu\u00efts amb la suficient antelaci\u00f3 a la seva posta en pr\u00e0ctica.<\/p>\n<h3>2. Confidencialitat<\/h3>\n<p>Totes les dades proporcionades mitjan\u00e7ant correu o formularis electr\u00f2nics seran tractats segons la normativa vigent sobre protecci\u00f3 de dades personals i en tot cas tindran el car\u00e0cter de confidencials pel personal de l\u2019empresa que gestioni aquesta informaci\u00f3.<\/p>\n<h3>3. Informaci\u00f3 sobre la voluntat de cedir les dades i les seves conseq\u00fc\u00e8ncies.<\/h3>\n<p>3.1 Voluntarietat<\/p>\n<p>S\u2019informa als USUARIS dels websites, que les respostes a les preguntes plantejades en els formulares de recollida de dades presents en aquesta website, tenen car\u00e0cter voluntari, encara que certament la negativa a facilitar-los pot comportar la impossibilitat d\u2019acc\u00e9s als serveis que aix\u00ed les requereixin.<\/p>\n<p>3.2 Conseq\u00fc\u00e8ncia<\/p>\n<p>Mitjan\u00e7ant la implementaci\u00f3 dels formularis inclosos en els diferents websites, relatius als serveis que desenvolupa l\u2019empresa, els USUARIS accepten que la incorporaci\u00f3 i\u00a0 tractament de les dades que proporcionen, en el fitxer de dades de car\u00e0cter personal, del qual es titular Parcquimic, amb lliure exercici dels drets pertinents descrits en el punt que segueix.<\/p>\n<h3>4. Informaci\u00f3 a l\u2019usuari sobre els drets de rectificaci\u00f3, acc\u00e9s, oposici\u00f3 i cancel\u00b7laci\u00f3 de les seves dades<\/h3>\n<p>Els USUARIS podran exercir, en relaci\u00f3 a les dades recollides en la forma descrita en el punt anterior, els seus drets reconeguts en la Llei Org\u00e0nica 15\/1999, i en particular en el que fa refer\u00e8ncia a, l\u2019acc\u00e9s, rectificaci\u00f3, oposici\u00f3 i\/o cancel\u00b7laci\u00f3 de dades. Els drets referits en el par\u00e0graf anterior, es sol\u00b7licitaran mitjan\u00e7ant escrit degudament signat i acompanyat d\u2019una c\u00f2pia del DNI o Passaport, a Parcquimic amb domicili a l\u2019Avinguda de Tarragona, n\u00fameros 34-44, 43204 de Reus o en l\u2019adre\u00e7a electr\u00f2nica lopd@Parcquimic.es<\/p>\n<p>Tanmateix, si un USUARI no desitja rebre informaci\u00f3 comercial\/professional, a trav\u00e9s de cap via de comunicaci\u00f3, podr\u00e0 demanar-ho utilitzant un mitjan pel que en deixi const\u00e0ncia de recepci\u00f3 a Parcquimic, a l\u2019adre\u00e7a indicada amb anterioritat.<\/p>\n<h3>5. Informaci\u00f3 sobre les dades que es conserven, durada i finalitat.<\/h3>\n<p>5.1. Dades que es conserven<\/p>\n<p>Exclusivament dades de contacte (car\u00e0cter b\u00e0sic), nom, cognoms i e-mail. En els formularis de consulta que es troben en les Webs es recull aquella informaci\u00f3 que ens ajuda a contestar les consultes o preguntes que ens demanen. Aquesta informaci\u00f3 es tractada per Parcquimic, i mai es venuda, cedida o arrendada a altres empreses, amb excepci\u00f3 del cas l\u00f2gic que deriva de la prestaci\u00f3 del servei demanat.<\/p>\n<p>Parcquimic, es responsable dels esmentats fitxer de dades de car\u00e0cter personal, creats per Parcquimic, amb les finalitats de realitzar el manteniment i la gesti\u00f3 de la relaci\u00f3 amb els USUARIS, informaci\u00f3 i distribuci\u00f3 dels productes de l\u2019organitzaci\u00f3, aix\u00ed com la realitzaci\u00f3 d\u2019activitats diverses.<\/p>\n<p>5.2. Amb quina finalitat<\/p>\n<p>L\u2019informem que les bases de dades podran ser usades per la identificaci\u00f3 dels USUARIS i per la realitzaci\u00f3 d\u2019estudis estad\u00edstics.<\/p>\n<p>Durant el proc\u00e9s de recollida de dades i sempre que es demani, els USUARIS, seran informats del car\u00e0cter obligatori o voluntari de la recollida de les mateixes i, en cas de no es dedueixi impl\u00edcitament del formulari electr\u00f2nic en q\u00fcesti\u00f3, de la necessitat d\u2019implementaci\u00f3 del formulari, per l\u2019acc\u00e9s dels USUARIS a determinats continguts facilitats en els websites (continguts professionals, etc.).<\/p>\n<p>Si s\u2019escau, es demanar\u00e0 als USUARIS el consentiment per que Parcquimic, pugui fer us de les seves dades a fi d\u2019enviar-li informaci\u00f3 relativa a l\u2019entitat, a les activitats que desenvolupa o a altres temes relacionats que puguin ser del seu inter\u00e8s.<\/p>\n<h3>6. Comprom\u00eds de l\u2019usuari per que les seves dades siguin inscrites en un fitxer<\/h3>\n<p>La introducci\u00f3 de les dades en alguna o algunes de les fulles de captaci\u00f3 d\u2019aquestes, implica l\u2019acceptaci\u00f3 de les presents condicions d\u2019\u00fas i pol\u00edtica de privacitat, entenent que ha sigut degudament informat de les condicions d\u2019\u00fas i avis legal de les mateixes i que es compromet al seu total compliment durant la navegaci\u00f3 i participaci\u00f3 per la <a href=\"http:\/\/www.dailyrent.es\/\">www.Parcquimic.es<\/a>.<\/p>\n<h3>7. Evitar la transmissi\u00f3 de dades a terceres empreses sense el consentiment expr\u00e9s de l\u2019usuari<\/h3>\n<p>Tanmateix, i llevat que s\u2019hagi informat i concertat el consentiment a l\u2019USUARI per la cessi\u00f3 de les seves dades a tercers, en cap cas, exceptuant-ne els que contempla la legislaci\u00f3 vigent, ning\u00fa ali\u00e8 a Parcquimic, tindr\u00e0 acc\u00e9s a elles. En cas contrari Parcquimic, exigir\u00e0 als mateixos el compliment i aplicaci\u00f3 de la legislaci\u00f3 vigent, encara que la responsabilitat de la utilitzaci\u00f3 ser\u00e0 sempre exigible als tercers.<\/p>\n<p>Parcquimic, no ven, arrenda o cedeix, les dades personals dels seus USUARIS d\u2019aquesta Web, a excepci\u00f3 del cas en que sigui necessari per la pr\u00f2pia prestaci\u00f3 del servei.<\/p>\n<p>Parcquimic, no ven, arrenda o cedeix, els e-mails dels seus USUARIS d\u2019aquesta Web, a excepci\u00f3 del cas en que sigui necessari per la pr\u00f2pia prestaci\u00f3 del servei..<\/p>\n<h3>8. Baixa de la llista de distribuci\u00f3 de informaci\u00f3 professional<\/h3>\n<p>Ocasionalment, Parcquimic, remetr\u00e0 via correu electr\u00f2nic, notificacions de millores o novetats que es puguin produir en la p\u00e0gina Web de l\u2019empresa.<\/p>\n<p>En qualsevol moment poden gestionar la baixa d\u2019aquest sistema de comunicaci\u00f3 enviant un e-mail a: lopd@parcquimic.com<\/p>","protected":false},"excerpt":{"rendered":"<p>1. Objecte de la pol\u00edtica de privacitat 2. Confidencialitat 3. Informaci\u00f3 sobre la voluntat de cedir les dades i les seves conseq\u00fc\u00e8ncies. 4. Informaci\u00f3 a l\u2019usuari sobre els drets de rectificaci\u00f3, acc\u00e9s, oposici\u00f3 i cancel\u00b7laci\u00f3 de les seves dades 5. Informaci\u00f3 sobre les dades que es conserven, durada i finalitat 6. Comprom\u00eds de l\u2019usuari per que les seves dades siguin [&hellip;]<\/p>\n","protected":false},"author":1,"featured_media":0,"parent":0,"menu_order":0,"comment_status":"open","ping_status":"open","template":"","meta":{"footnotes":""},"class_list":["post-6587","page","type-page","status-publish","hentry"],"_links":{"self":[{"href":"https:\/\/www.parcquimic.com\/es\/wp-json\/wp\/v2\/pages\/6587","targetHints":{"allow":["GET"]}}],"collection":[{"href":"https:\/\/www.parcquimic.com\/es\/wp-json\/wp\/v2\/pages"}],"about":[{"href":"https:\/\/www.parcquimic.com\/es\/wp-json\/wp\/v2\/types\/page"}],"author":[{"embeddable":true,"href":"https:\/\/www.parcquimic.com\/es\/wp-json\/wp\/v2\/users\/1"}],"replies":[{"embeddable":true,"href":"https:\/\/www.parcquimic.com\/es\/wp-json\/wp\/v2\/comments?post=6587"}],"version-history":[{"count":1,"href":"https:\/\/www.parcquimic.com\/es\/wp-json\/wp\/v2\/pages\/6587\/revisions"}],"predecessor-version":[{"id":6627,"href":"https:\/\/www.parcquimic.com\/es\/wp-json\/wp\/v2\/pages\/6587\/revisions\/6627"}],"wp:attachment":[{"href":"https:\/\/www.parcquimic.com\/es\/wp-json\/wp\/v2\/media?parent=6587"}],"curies":[{"name":"wp","href":"https:\/\/api.w.org\/{rel}","templated":true}]}}