{"id":6595,"date":"2015-02-11T11:34:32","date_gmt":"2015-02-11T11:34:32","guid":{"rendered":"http:\/\/www.kleversoft.net\/parcquimic\/organitzacio-2\/"},"modified":"2022-07-08T09:03:21","modified_gmt":"2022-07-08T09:03:21","slug":"organitzacio","status":"publish","type":"page","link":"https:\/\/www.parcquimic.com\/es\/organitzacio\/","title":{"rendered":"Organitzaci\u00f3"},"content":{"rendered":"<h5 class=\"  \">Organitzaci\u00f3<\/h5><p  >Aquestes son les emepreses a les que dona servei el Parc Qu\u00edmic de seguretat.<\/p><div  class=\"panel-group\" id=\"accordion911\">\n<div class=\"col-md-6\"><div  class=\"panel panel-default\">\r\n                <div class=\"panel-heading\">\r\n                    <h4 class=\"panel-title\">\r\n\r\n                        <a data-toggle=\"collapse\" data-parent=\"#accordion911\" href=\"#collapse177\" class=\"collapsed\" >\r\n                            Parc Qu\u00edmic de Seguretat Nord\r\n        <\/a>\r\n                    <\/h4>\r\n                <\/div>\r\n                <div id=\"collapse177\" class=\"panel-collapse collapse \">\r\n                    <div class=\"panel-body\">\r\n        \n<a mid=\"6\" mapid=\"1\" class=\"wpgmaps_mlist_row\">\tSociedad Espa\u00f1ola de Carburos Met\u00e1licos SA\t<\/a><br \/>\n<a mid=\"7\" mapid=\"1\" class=\"wpgmaps_mlist_row\">\tExolum, SA<\/a><br \/>\n<a mid=\"8\" mapid=\"1\" class=\"wpgmaps_mlist_row\">\tDow Chemical Ib\u00e9rica SL\t<\/a><br \/>\n<a mid=\"9\" mapid=\"1\" class=\"wpgmaps_mlist_row\">\tSarpi Constant\u00ed SLU\t<\/a><br \/>\n<a mid=\"10\" mapid=\"1\" class=\"wpgmaps_mlist_row\">Messer Ib\u00e9rica de Gases SAU<\/a><br \/>\n<a mid=\"11\" mapid=\"1\" class=\"wpgmaps_mlist_row\">Repsol Qu\u00edmica SA<\/a><br \/>\n<a mid=\"12\" mapid=\"1\" class=\"wpgmaps_mlist_row\">Repsol Petr\u00f3leo SA<\/a><br \/>\n<a mid=\"13\" mapid=\"1\" class=\"wpgmaps_mlist_row\">Serveis d\u2019Incineraci\u00f3 de Residus Urbans SA<\/a><br \/>\n<a mid=\"14\" mapid=\"1\" class=\"wpgmaps_mlist_row\">Inovyn Espa\u00f1a SL<\/a><\/p>\n\r\n                    <\/div>\r\n                <\/div>\r\n            <\/div>\n<div  class=\"panel panel-default\">\r\n                <div class=\"panel-heading\">\r\n                    <h4 class=\"panel-title\">\r\n\r\n                        <a data-toggle=\"collapse\" data-parent=\"#accordion911\" href=\"#collapse925\" class=\"collapsed\" >\r\n                            Parc Qu\u00edmic de Seguretat Sud\/Port\r\n        <\/a>\r\n                    <\/h4>\r\n                <\/div>\r\n                <div id=\"collapse925\" class=\"panel-collapse collapse \">\r\n                    <div class=\"panel-body\">\r\n        \n<a mid=\"15\" mapid=\"1\" class=\"wpgmaps_mlist_row\">\tAsfaltos Espa\u00f1oles SA<\/a><br \/>\n<a mid=\"16\" mapid=\"1\" class=\"wpgmaps_mlist_row\">\tBasf Espa\u00f1ola SL<\/a><br \/>\n<a mid=\"17\" mapid=\"1\" class=\"wpgmaps_mlist_row\">\tBasell Poliolefinas Ib\u00e9rica,SL<\/a><br \/>\n<a mid=\"18\" mapid=\"1\" class=\"wpgmaps_mlist_row\">\tBertschi IBERICA S.L<\/a><br \/>\n<a mid=\"20\" mapid=\"1\" class=\"wpgmaps_mlist_row\">\tCEPSA Comercial Petr\u00f3leo SAU<\/a><br \/>\n<a mid=\"21\" mapid=\"1\" class=\"wpgmaps_mlist_row\">\tClariant Ib\u00e9rica SA<\/a><br \/>\n<a mid=\"22\" mapid=\"1\" class=\"wpgmaps_mlist_row\">\tCovestro S.L.<\/a><br \/>\n<a mid=\"23\" mapid=\"1\" class=\"wpgmaps_mlist_row\">\tDistribuci\u00f3 per Xarxa de productes Qu\u00edmics, S.L<\/a><br \/>\n<a mid=\"24\" mapid=\"1\" class=\"wpgmaps_mlist_row\">\tDow Chemical Ib\u00e9rica SL<\/a><br \/>\n<a mid=\"7\" mapid=\"1\" class=\"wpgmaps_mlist_row\">\t        EXOLUM, SA<\/a><br \/>\n<a mid=\"25\" mapid=\"1\" class=\"wpgmaps_mlist_row\">\tErcros SA<\/a><br \/>\n<a mid=\"26\" mapid=\"1\" class=\"wpgmaps_mlist_row\">\tElix Polymers SL<\/a><br \/>\n<a mid=\"26\" mapid=\"1\" class=\"wpgmaps_mlist_row\">\tEuroenergo Espa\u00f1a S.L.<\/a><br \/>\n<a mid=\"27\" mapid=\"1\" class=\"wpgmaps_mlist_row\">\tIndustrias Qu\u00edmicas del \u00d3xido de Etileno, S.A<\/a><br \/>\n<a mid=\"30\" mapid=\"1\" class=\"wpgmaps_mlist_row\">\tIQLIT Emulsiones SLU<\/a><br \/>\n<a mid=\"28\" mapid=\"1\" class=\"wpgmaps_mlist_row\">\tKemira Ib\u00e9rica SA<\/a><br \/>\n<a mid=\"30\" mapid=\"1\" class=\"wpgmaps_mlist_row\">\tMesser Ib\u00e9rica de Gases SAU<\/a><br \/>\n<a mid=\"33\" mapid=\"1\" class=\"wpgmaps_mlist_row\">\tPeak Spain, S.L<\/a><br \/>\n<a mid=\"34\" mapid=\"1\" class=\"wpgmaps_mlist_row\">\tPlixxent S.L.U<\/a><br \/>\n<a mid=\"40\" mapid=\"1\" class=\"wpgmaps_mlist_row\">\tRepsol Petr\u00f3leo SA<\/a><br \/>\n<a mid=\"37\" mapid=\"1\" class=\"wpgmaps_mlist_row\">\tRepsol Generaci\u00f3n Electrica SA<\/a><br \/>\n<a mid=\"38\" mapid=\"1\" class=\"wpgmaps_mlist_row\">\tSekisui Specialty Chemicals Europe SL<\/a><br \/>\n<a mid=\"34\" mapid=\"1\" class=\"wpgmaps_mlist_row\">\tShell Espa\u00f1a SAA<\/a><br \/>\n<a mid=\"40\" mapid=\"1\" class=\"wpgmaps_mlist_row\">\tSK Primacor Europe S.L<\/a><br \/>\n<a mid=\"46\" mapid=\"1\" class=\"wpgmaps_mlist_row\">\tTerminales Portuarias, S.L<\/a><br \/>\n<a mid=\"43\" mapid=\"1\" class=\"wpgmaps_mlist_row\">\tTerminales Quimicos SA<\/a><br \/>\n<a mid=\"44\" mapid=\"1\" class=\"wpgmaps_mlist_row\">\tTransformadora de Etileno, AIE<\/a><br \/>\n<a mid=\"45\" mapid=\"1\" class=\"wpgmaps_mlist_row\">\tViesgo distribuci\u00f3n S.L<\/a><\/p>\n\r\n                    <\/div>\r\n                <\/div>\r\n            <\/div>\n<div  class=\"panel panel-default\">\r\n                <div class=\"panel-heading\">\r\n                    <h4 class=\"panel-title\">\r\n\r\n                        <a data-toggle=\"collapse\" data-parent=\"#accordion911\" href=\"#collapse335\" class=\"collapsed\" >\r\n                            Parc Qu\u00edmic Port\r\n        <\/a>\r\n                    <\/h4>\r\n                <\/div>\r\n                <div id=\"collapse335\" class=\"panel-collapse collapse \">\r\n                    <div class=\"panel-body\">\r\n        \n<a mid=\"43\" mapid=\"1\" class=\"wpgmaps_mlist_row\">\tAutoritat Portu\u00e0ria de Tarragona<\/a><br \/>\n<a mid=\"37\" mapid=\"1\" class=\"wpgmaps_mlist_row\">\tAsfaltos Espa\u00f1oles, SA<\/a><br \/>\n<a mid=\"48\" mapid=\"1\" class=\"wpgmaps_mlist_row\">\tDistribuci\u00f3 per Xarxa de productes Quimics SL<\/a><br \/>\n<a mid=\"49\" mapid=\"1\" class=\"wpgmaps_mlist_row\">\tEuroenergo ESPA\u00d1A S.L<\/a><br \/>\n<a mid=\"45\" mapid=\"1\" class=\"wpgmaps_mlist_row\">\tTerminal Atraque Productos Petrol\u00edferos, TAPP<\/a><br \/>\n<a mid=\"40\" mapid=\"1\" class=\"wpgmaps_mlist_row\">\tRepsol Petr\u00f3leo, SA<\/a><br \/>\n<a mid=\"46\" mapid=\"1\" class=\"wpgmaps_mlist_row\">\tTerminales Portuarias SL<\/a><br \/>\n<a mid=\"42\" mapid=\"1\" class=\"wpgmaps_mlist_row\">\tVopak Terquimsa SA<\/a><\/p>\n\r\n                    <\/div>\r\n                <\/div>\r\n            <\/div>\n<div  class=\"panel panel-default\">\r\n                <div class=\"panel-heading\">\r\n                    <h4 class=\"panel-title\">\r\n\r\n                        <a data-toggle=\"collapse\" data-parent=\"#accordion911\" href=\"#collapse241\" class=\"collapsed\" >\r\n                            Parc de Resposta de Contaminaci\u00f3 Mar\u00edtima\r\n        <\/a>\r\n                    <\/h4>\r\n                <\/div>\r\n                <div id=\"collapse241\" class=\"panel-collapse collapse \">\r\n                    <div class=\"panel-body\">\r\n        \n<a mid=\"43\" mapid=\"1\" class=\"wpgmaps_mlist_row\">\tAutoritat Portu\u00e0ria de Tarragona<\/a><br \/>\n<a mid=\"37\" mapid=\"1\" class=\"wpgmaps_mlist_row\">\tAsfaltos Espa\u00f1oles, SA<\/a><br \/>\n<a mid=\"56\" mapid=\"1\" class=\"wpgmaps_mlist_row\">\tDistribuci\u00f3 per Xarxa de productes Quimics SL<\/a><br \/>\n<a mid=\"39\" mapid=\"1\" class=\"wpgmaps_mlist_row\">\tTerminal Atraque Productos Petrol\u00edferos, TAPP<\/a><br \/>\n<a mid=\"12\" mapid=\"1\" class=\"wpgmaps_mlist_row\">\tRepsol Petr\u00f3leo, SA<\/a><br \/>\n<a mid=\"41\" mapid=\"1\" class=\"wpgmaps_mlist_row\">\tTerminales Portuarias SL<\/a><br \/>\n<a mid=\"42\" mapid=\"1\" class=\"wpgmaps_mlist_row\">\tVopak Terquimsa SA<\/a><\/p>\n\r\n                    <\/div>\r\n                <\/div>\r\n            <\/div>\n<\/div><\/div>\n<p>&nbsp;<br \/>\n<div  class=\"col-md-6\">\n<div id=\"wpgmza_map_1\" class=\"wpgmza_map wpgmza-auto-left\" style=\"display:block;width:100\\%;height:400px;overflow:hidden;position:relative;\" data-map-id=\"1\" data-maps-engine=\"\" data-build-engine=\"atlas-novus\" data-shortcode-attributes=\"{&quot;id&quot;:&quot;1&quot;,&quot;zoom&quot;:false,&quot;width&quot;:false,&quot;height&quot;:false,&quot;marker&quot;:false,&quot;classname&quot;:false}\" data-settings=\"{&quot;map_title&quot;:&quot;Parcs Qu\\u00edmics&quot;,&quot;map_width&quot;:&quot;100&quot;,&quot;map_height&quot;:&quot;400&quot;,&quot;map_start_lat&quot;:&quot;41.119615&quot;,&quot;map_start_lng&quot;:&quot;1.180934&quot;,&quot;map_start_location&quot;:&quot;41.11961533947685,1.1809341484374603&quot;,&quot;map_start_zoom&quot;:&quot;12&quot;,&quot;default_marker&quot;:&quot;0&quot;,&quot;type&quot;:&quot;1&quot;,&quot;alignment&quot;:&quot;3&quot;,&quot;directions_enabled&quot;:&quot;1&quot;,&quot;styling_enabled&quot;:&quot;0&quot;,&quot;styling_json&quot;:&quot;&quot;,&quot;active&quot;:&quot;0&quot;,&quot;kml&quot;:&quot;&quot;,&quot;bicycle&quot;:&quot;2&quot;,&quot;traffic&quot;:&quot;2&quot;,&quot;dbox&quot;:&quot;1&quot;,&quot;dbox_width&quot;:&quot;250&quot;,&quot;listmarkers&quot;:&quot;0&quot;,&quot;listmarkers_advanced&quot;:&quot;0&quot;,&quot;filterbycat&quot;:&quot;0&quot;,&quot;ugm_enabled&quot;:&quot;0&quot;,&quot;ugm_category_enabled&quot;:&quot;0&quot;,&quot;fusion&quot;:&quot;&quot;,&quot;map_width_type&quot;:&quot;\\\\%&quot;,&quot;map_height_type&quot;:&quot;px&quot;,&quot;mass_marker_support&quot;:&quot;1&quot;,&quot;ugm_access&quot;:&quot;0&quot;,&quot;order_markers_by&quot;:&quot;5&quot;,&quot;order_markers_choice&quot;:&quot;1&quot;,&quot;show_user_location&quot;:&quot;2&quot;,&quot;default_to&quot;:&quot;&quot;,&quot;store_locator_enabled&quot;:2,&quot;wpgmza_store_locator_restrict&quot;:&quot;&quot;,&quot;store_locator_distance&quot;:2,&quot;store_locator_bounce&quot;:1,&quot;store_locator_hide_before_search&quot;:2,&quot;store_locator_use_their_location&quot;:2,&quot;store_locator_name_search&quot;:2,&quot;store_locator_category&quot;:2,&quot;store_locator_query_string&quot;:&quot;&quot;,&quot;store_locator_name_string&quot;:&quot;Title \\\/ Description:&quot;,&quot;wpgmza_dbox_width_type&quot;:&quot;px&quot;,&quot;map_max_zoom&quot;:&quot;3&quot;,&quot;sl_stroke_color&quot;:&quot;FF0000&quot;,&quot;sl_stroke_opacity&quot;:&quot;0.25&quot;,&quot;sl_fill_color&quot;:&quot;FF0000&quot;,&quot;sl_fill_opacity&quot;:&quot;0.15&quot;,&quot;click_open_link&quot;:2,&quot;weather_layer&quot;:2,&quot;weather_layer_temp_type&quot;:1,&quot;cloud_layer&quot;:2,&quot;transport_layer&quot;:2,&quot;list_markers_by&quot;:&quot;0&quot;,&quot;push_in_map&quot;:&quot;&quot;,&quot;push_in_map_placement&quot;:&quot;7&quot;,&quot;wpgmza_push_in_map_width&quot;:&quot;30%&quot;,&quot;wpgmza_push_in_map_height&quot;:&quot;&quot;,&quot;id&quot;:1}\" ><\/div><br \/>\n<div data-height=\"200\"  class=\"spacer visible-md\" style=\"height:200px\"><\/div>\n<\/div>\n<div class=\"col-md-12\"> <header  class=\"page-header text-left\"><h1 class=\"page-title\"><\/h1><h2>La Coordinaci\u00f3 dels Parcs<\/h2><div class=\"headerDesc\">\n<div  class=\"col-md-4\">A nivell org\u00e0nic, existeix un Coordinador General per als dos Parcs, un Cap de Parc i 4 bombers permanents. El servei \u00e9s de 24 hores. L&#8217;organitzaci\u00f3 i funcionament es fonamenta en l&#8217;aplicaci\u00f3 dels seg\u00fcents protocols: <\/div>\n<div  class=\"col-md-4\"><strong>PROTOCOL D&#8217;ACTUACI\u00d3<\/strong>. Porta a terme els aspectes organitzatius del Parc de Seguretat.<strong>MANUAL D&#8217;INTERVENCI\u00d3<\/strong>. Desenvolupa les activitats practicades al Parc de Seguretat i els aspectes de funcionament operatiu dels mitjans t\u00e8cnics i humans del mateix. <\/div>\n<div  class=\"col-md-4\"><strong>PACMA<\/strong>. El Pla de Conting\u00e8ncies Mediambientals (PACMA) neix fruit del Conveni Marc signat amb la Generalitat de Catalunya per donar resposta als episodis d\u2019olors que provenen de la industria.<\/div><\/div><\/header><\/div>\n","protected":false},"excerpt":{"rendered":"<p>&nbsp;<\/p>\n","protected":false},"author":1,"featured_media":0,"parent":0,"menu_order":0,"comment_status":"open","ping_status":"open","template":"","meta":{"footnotes":""},"class_list":["post-6595","page","type-page","status-publish","hentry"],"_links":{"self":[{"href":"https:\/\/www.parcquimic.com\/es\/wp-json\/wp\/v2\/pages\/6595","targetHints":{"allow":["GET"]}}],"collection":[{"href":"https:\/\/www.parcquimic.com\/es\/wp-json\/wp\/v2\/pages"}],"about":[{"href":"https:\/\/www.parcquimic.com\/es\/wp-json\/wp\/v2\/types\/page"}],"author":[{"embeddable":true,"href":"https:\/\/www.parcquimic.com\/es\/wp-json\/wp\/v2\/users\/1"}],"replies":[{"embeddable":true,"href":"https:\/\/www.parcquimic.com\/es\/wp-json\/wp\/v2\/comments?post=6595"}],"version-history":[{"count":17,"href":"https:\/\/www.parcquimic.com\/es\/wp-json\/wp\/v2\/pages\/6595\/revisions"}],"predecessor-version":[{"id":7036,"href":"https:\/\/www.parcquimic.com\/es\/wp-json\/wp\/v2\/pages\/6595\/revisions\/7036"}],"wp:attachment":[{"href":"https:\/\/www.parcquimic.com\/es\/wp-json\/wp\/v2\/media?parent=6595"}],"curies":[{"name":"wp","href":"https:\/\/api.w.org\/{rel}","templated":true}]}}