{"id":6597,"date":"2014-12-09T15:59:54","date_gmt":"2014-12-09T15:59:54","guid":{"rendered":"http:\/\/www.kleversoft.net\/parcquimic\/mitjans-materials-2\/"},"modified":"2015-04-16T09:59:34","modified_gmt":"2015-04-16T09:59:34","slug":"mitjans-materials","status":"publish","type":"page","link":"https:\/\/www.parcquimic.com\/es\/mitjans-materials\/","title":{"rendered":"Mitjans Materials"},"content":{"rendered":"<section  class=\"content-area animated\" id=\"chapter321\" data-bg=\"https:\/\/www.parcquimic.com\/wp-content\/uploads\/2014\/12\/equiphuma.jpg\" data-fx=\"none\" ><div class=\"container  \" ><header class=\"page-header text-center\"><h2 class=\"  \">Mitjans Materials<\/h2><\/header>\n<div  class=\"row\"><div class=\"container \" ><div class=\"row\">\n<span style=\"color: white!important; font-size: 1.25em; line-height:1.5em;\"><div  class=\"col-md-6 animated\" data-fx=\"fadeInLeft\">\n<div  class=\"col-md-4\"><\/div>\n<div  class=\"col-md-8\"><p class=\"dropcap\">P<\/p>er assolir els objectius i prestar un servei de qualitat a les empreses qu\u00edmiques de Tarragona, els Parcs Qu\u00edmics de Seguretat compten amb una flota de diferents vehicles pesats &#8211; equipats amb cisternes per a aigua i escum\u00f2gen , i dotats amb l&#8217;equip complet per a la lluita contra incendis &#8211; aix\u00ed com tamb\u00e9 vehicles lleugers necessaris per a la lluita contra incendis en intervenci\u00f3 r\u00e0pida.<br \/>\n<\/span><\/div><\/div>\n<div  class=\"col-md-6\">\n<div  class=\"progress\"><span class=\"pro-skill pull-left\">12 Vehicles Especials Totals<\/span><span class=\"pro-level pull-right\">12<\/span><div  class=\"progress-bar\" role=\"progressbar\" data-percentage=\"100\" aria-valuenow=\"0\" aria-valuemin=\"0\" aria-valuemax=\"100\"><\/div><\/div>\n<div  class=\"progress\"><span class=\"pro-skill pull-left\">Vehicles Pesants<\/span><span class=\"pro-level pull-right\">5<\/span><div  class=\"progress-bar\" role=\"progressbar\" data-percentage=\"41\" aria-valuenow=\"0\" aria-valuemin=\"0\" aria-valuemax=\"100\"><\/div><\/div>\n<div  class=\"progress\"><span class=\"pro-skill pull-left\">Vehicles Lleugers tot Terreny<\/span><span class=\"pro-level pull-right\">2<\/span><div  class=\"progress-bar\" role=\"progressbar\" data-percentage=\"16\" aria-valuenow=\"0\" aria-valuemin=\"0\" aria-valuemax=\"100\"><\/div><\/div>\n<div  class=\"progress\"><span class=\"pro-skill pull-left\">Ambul\u00e0ncies<\/span><span class=\"pro-level pull-right\">3<\/span><div  class=\"progress-bar\" role=\"progressbar\" data-percentage=\"25\" aria-valuenow=\"0\" aria-valuemin=\"0\" aria-valuemax=\"100\"><\/div><\/div>\n<div  class=\"progress\"><span class=\"pro-skill pull-left\">Furgonetes de Rescat<\/span><span class=\"pro-level pull-right\">2<\/span><div  class=\"progress-bar\" role=\"progressbar\" data-percentage=\"16\" aria-valuenow=\"0\" aria-valuemin=\"0\" aria-valuemax=\"100\"><\/div><\/div>\n<\/div>\n<\/div><\/div><\/div>\n<\/div><\/section>\n<section  class=\"content-area animated\" id=\"chapter451\" data-bg=\"https:\/\/www.parcquimic.com\/wp-content\/uploads\/2014\/12\/fondo-gris.jpg\" data-fx=\"none\" ><div class=\"container  \" ><header class=\"page-header text-center\"><h2 class=\"  \">A m\u00e9s<\/h2><p  class=\"larger\">Tamb\u00e9 disposem del seg\u00fcent equip per a intervencions en emerg\u00e8ncies<\/p><\/header>\n<div  class=\"row\"><div class=\"container \" ><div class=\"row\">\n<div  class=\"col-md-4\">\n<div  class=\"personBox text-center\"><img decoding=\"async\"  class=\"img-circle\" alt=\" \" src=\"https:\/\/www.parcquimic.com\/wp-content\/uploads\/2015\/02\/detecciongases.jpg\"><H4>Equips Varis<span><\/span><\/H4>Equip de detecci\u00f3 de gasos<br \/>\nAutonomia respirat\u00f2ria<br \/>\nVestits de Protecci\u00f3 qu\u00edmica<br \/>\nExtintors de tots els tipus<br \/>\nEquips de comunicaci\u00f3<br \/>\nBombes hidr\u00e1uliques<\/div>\n<\/div>\n<div  class=\"col-md-4\">\n<div  class=\"personBox text-center\"><img decoding=\"async\"  class=\"img-circle\" alt=\" \" src=\"https:\/\/www.parcquimic.com\/wp-content\/uploads\/2015\/02\/cano-grancabal.jpg\"><H4>Can\u00f3 i Bomba<span><\/span><\/H4>Can\u00f3 i bomba de gran cabal de 12.000gpm.<\/div>\n<\/div>\n<div  class=\"col-md-4\">\n<div  class=\"personBox text-center\"><img decoding=\"async\"  class=\"img-circle\" alt=\" \" src=\"https:\/\/www.parcquimic.com\/wp-content\/uploads\/2015\/02\/cisterna5.jpg\"><H4>Cisterna-Remolc<span><\/span><\/H4>Cisterna-Remolc amb 30.000 litres d&#8217;escum\u00f2gen<\/div>\n<\/div>\n<\/div><\/div><\/div>&nbsp;<\/p>\n<div  class=\"row\"><div class=\"container \" ><div class=\"row\">\n<div  class=\"col-md-4\">\n<div  class=\"personBox text-center\"><img decoding=\"async\"  class=\"img-circle\" alt=\" \" src=\"https:\/\/www.parcquimic.com\/wp-content\/uploads\/2015\/02\/detecciongases.jpg\"><H4>Stock D'escum\u00f2gen<span><\/span><\/H4>Stock Garantit d&#8217;escum\u00f2gen per emerg\u00e8ncies de llarga durada<\/div>\n<\/div>\n<div  class=\"col-md-4\">\n<div  class=\"personBox text-center\"><img decoding=\"async\"  class=\"img-circle\" alt=\" \" src=\"https:\/\/www.parcquimic.com\/wp-content\/uploads\/2015\/02\/cano-grancabal.jpg\"><H4>Cambres T\u00e8rmiques<span><\/span><\/H4>Cambres t\u00e8rmiques d&#8217;alta precissi\u00f3<\/div>\n<\/div>\n<div  class=\"col-md-4\">\n<div  class=\"personBox text-center\"><img decoding=\"async\"  class=\"img-circle\" alt=\" \" src=\"https:\/\/www.parcquimic.com\/wp-content\/uploads\/2015\/02\/cisterna5.jpg\"><H4>Suport amb Remolcadors<span><\/span><\/H4>Suport amb remolcadors del Port de Tarragona<\/div>\n<\/div>\n<\/div><\/div><\/div>&nbsp;<\/p>\n<div  class=\"row\"><div class=\"container \" ><div class=\"row\">\n<div  class=\"col-md-4\">\n<\/div>\n<div  class=\"col-md-4\">\n<div  class=\"personBox text-center\"><img decoding=\"async\"  class=\"img-circle\" alt=\" \" src=\"https:\/\/www.parcquimic.com\/wp-content\/uploads\/2015\/02\/cisterna5.jpg\"><H4>Remolc<span><\/span><\/H4>Remolc amb 60 equips aut\u00f2noms de respiraci\u00f3<\/div>\n<\/div>\n<div  class=\"col-md-4\">\n<\/div>\n<\/div><\/div><\/div>\n<p><!--&#091;third_column animation=\"fadeInDown\"&#093;&#091;person_box title=\"chaccc\" subtitle=\"chacc\" image=\"https:\/\/www.parcquimic.com\/wp-content\/uploads\/2014\/02\/dow.jpg\" style=\"rounded\"&#093;balalalala&#091;\/person_box&#093; \n&#091;row&#093;&#091;person_box title=\"chaccc\" subtitle=\"chacc\" image=\"https:\/\/www.parcquimic.com\/wp-content\/uploads\/2014\/02\/dow.jpg\" style=\"rounded\"&#093;balalalala&#091;\/person_box&#093; \n&#091;row&#093;\n&#091;\/third_column&#093;\n\n&#091;third_column animation=\"fadeInUp\"&#093;\n&#091;icon_box type=\"3\" header=\"\" icon=\"fa-asterisk\" link=\"#\"&#093;Manteniment de l\u2019equipament propi dels Parcs Qu\u00edmics de Seguretat, com s\u00f3n els equips de protecci\u00f3 personal, equip de protecci\u00f3 respirat\u00f2ria, ampolles d\u2019aire, equips port\u00e0tils d\u2019extinci\u00f3, etc.&#091;\/icon_box&#093;\n&#091;spacer height=\"40\"&#093;\n&#091;icon_box type=\"3\" header=\"\" icon=\"fa-thumbs-up\" link=\"#\"&#093;Manteniment dels vehicles contra incendis i el seu equipament.&#091;\/icon_box&#093;\n&#091;\/third_column&#093;\n\n&#091;third_column animation=\"fadeInDown\"&#093;\n&#091;icon_box type=\"3\" header=\"\" icon=\"fa-trophy\" link=\"#\"&#093;PACMA: Rondes di\u00e0ries de seguretat i control mediambiental pels per\u00edmetres dels pol\u00edgons NORD, SUD, PORT i RIUCLAR, i actuaci\u00f3 en casos d\u2019activaci\u00f3 per alarmes d\u2019olors&#091;\/icon_box&#093;\n&#091;spacer height=\"40\"&#093;\n&#091;icon_box type=\"3\" header=\"\" icon=\"fa-file-text\" link=\"#\"&#093;Cursos i Pr\u00e0ctiques conjuntes amb els bombers de la Generalitat de Catalunya&#091;\/icon_box&#093;\n&#091;\/third_column&#093;\n&#091;\/row&#093;\n\n&#091;row&#093;\n&#091;third_column animation=\"fadeInDown\"&#093;\n&#091;icon_box type=\"3\" header=\"\" icon=\"fa-star\" link=\"#\"&#093;\u2022 Assist\u00e8ncia i organitzaci\u00f3 operativa en els simulacres interns&#091;\/icon_box&#093;\n&#091;spacer height=\"40\"&#093;\n&#091;icon_box type=\"3\" header=\"\" icon=\"fa-cog\" link=\"#\"&#093;Participaci\u00f3 en simulacres generals organitzats per Protecci\u00f3 Civil&#091;\/icon_box&#093;\n&#091;\/third_column&#093;\n\n&#091;third_column animation=\"fadeInUp\"&#093;\n&#091;icon_box type=\"3\" header=\"\" icon=\"fa-file-text\" link=\"#\"&#093;Coordinar els cursos de rehabilitaci\u00f3 de la titulaci\u00f3 de Bombers d\u2019empresa, amb les empreses de l\u2019AEQT i el Port de Tarragona&#091;\/icon_box&#093;\n&#091;icon_box type=\"3\" header=\"\" icon=\"fa-thumbs-up\" link=\"#\"&#093;Conductors d\u2019ambul\u00e0ncies.&#091;\/icon_box&#093;\n&#091;\/third_column&#093;\n\n&#091;third_column animation=\"fadeInDown\"&#093;\n&#091;icon_box type=\"3\" header=\"\" icon=\"fa-trophy\" link=\"#\"&#093;Manteniment del Sistema Integrat total d\u2019avisos d\u2019alarma mitjan\u00e7ant fibra \u00f2ptica&#091;\/icon_box&#093;\n&#091;spacer height=\"40\"&#093;\n\n&#091;\/third_column&#093;\n&#091;\/row&#093;--><br \/>\n<\/div><\/section>\n","protected":false},"excerpt":{"rendered":"","protected":false},"author":1,"featured_media":0,"parent":0,"menu_order":0,"comment_status":"open","ping_status":"open","template":"","meta":{"footnotes":""},"class_list":["post-6597","page","type-page","status-publish","hentry"],"_links":{"self":[{"href":"https:\/\/www.parcquimic.com\/es\/wp-json\/wp\/v2\/pages\/6597","targetHints":{"allow":["GET"]}}],"collection":[{"href":"https:\/\/www.parcquimic.com\/es\/wp-json\/wp\/v2\/pages"}],"about":[{"href":"https:\/\/www.parcquimic.com\/es\/wp-json\/wp\/v2\/types\/page"}],"author":[{"embeddable":true,"href":"https:\/\/www.parcquimic.com\/es\/wp-json\/wp\/v2\/users\/1"}],"replies":[{"embeddable":true,"href":"https:\/\/www.parcquimic.com\/es\/wp-json\/wp\/v2\/comments?post=6597"}],"version-history":[{"count":1,"href":"https:\/\/www.parcquimic.com\/es\/wp-json\/wp\/v2\/pages\/6597\/revisions"}],"predecessor-version":[{"id":6637,"href":"https:\/\/www.parcquimic.com\/es\/wp-json\/wp\/v2\/pages\/6597\/revisions\/6637"}],"wp:attachment":[{"href":"https:\/\/www.parcquimic.com\/es\/wp-json\/wp\/v2\/media?parent=6597"}],"curies":[{"name":"wp","href":"https:\/\/api.w.org\/{rel}","templated":true}]}}