{"id":6726,"date":"2014-02-24T14:37:10","date_gmt":"2014-02-24T14:37:10","guid":{"rendered":"http:\/\/www.kleversoft.net\/parcquimic\/contact-us-2\/"},"modified":"2014-02-24T14:37:10","modified_gmt":"2014-02-24T14:37:10","slug":"contact-us","status":"publish","type":"page","link":"https:\/\/www.parcquimic.com\/es\/contact-us\/","title":{"rendered":"Contacte"},"content":{"rendered":"<section  class=\"content-area bg1 animated\" id=\"chapter361\" data-fx=\"none\" ><div class=\"container  \" >\n <header  class=\"page-header text-center\"><h1 class=\"page-title\"><\/h1><h2>Contacti amb nosaltres<\/h2><div class=\"larger headerDesc\">&nbsp;<br \/>\n<\/div><\/header>\n<div  class=\"row\"><div class=\"container \" ><div class=\"row\">\n<div  class=\"col-md-8 animated\" data-fx=\"fadeInLeft\">\n<!--&#091;contact_form&#093;--><br \/>\n\n<div class=\"wpcf7 no-js\" id=\"wpcf7-f6417-o1\" lang=\"es-ES\" dir=\"ltr\" data-wpcf7-id=\"6417\">\n<div class=\"screen-reader-response\"><p role=\"status\" aria-live=\"polite\" aria-atomic=\"true\"><\/p> <ul><\/ul><\/div>\n<form action=\"\/es\/wp-json\/wp\/v2\/pages\/6726#wpcf7-f6417-o1\" method=\"post\" class=\"wpcf7-form init\" aria-label=\"Formulario de contacto\" novalidate=\"novalidate\" data-status=\"init\">\n<fieldset class=\"hidden-fields-container\"><input type=\"hidden\" name=\"_wpcf7\" value=\"6417\" \/><input type=\"hidden\" name=\"_wpcf7_version\" value=\"6.1.5\" \/><input type=\"hidden\" name=\"_wpcf7_locale\" value=\"es_ES\" \/><input type=\"hidden\" name=\"_wpcf7_unit_tag\" value=\"wpcf7-f6417-o1\" \/><input type=\"hidden\" name=\"_wpcf7_container_post\" value=\"0\" \/><input type=\"hidden\" name=\"_wpcf7_posted_data_hash\" value=\"\" \/><input type=\"hidden\" name=\"_wpcf7_recaptcha_response\" value=\"\" \/>\n<\/fieldset>\n<p>Amb qui vol contactar?\n<\/p>\n<p><span class=\"wpcf7-form-control-wrap\" data-name=\"your-recipient\"><select class=\"wpcf7-form-control wpcf7-select form-control\" aria-invalid=\"false\" name=\"your-recipient\"><option value=\"Administraci\u00f3\">Administraci\u00f3<\/option><option value=\"Parc Qu\u00edmic Nord\">Parc Qu\u00edmic Nord<\/option><option value=\"Parc Qu\u00edmic Sud\">Parc Qu\u00edmic Sud<\/option><option value=\"Parc Qu\u00edmic Port\">Parc Qu\u00edmic Port<\/option><\/select><\/span>\n<\/p>\n<p>El seu Nom (requerit)\n<\/p>\n<p><span class=\"wpcf7-form-control-wrap\" data-name=\"your-name\"><input size=\"40\" maxlength=\"400\" class=\"wpcf7-form-control wpcf7-text wpcf7-validates-as-required form-control\" aria-required=\"true\" aria-invalid=\"false\" value=\"\" type=\"text\" name=\"your-name\" \/><\/span>\n<\/p>\n<p>El seu e-mail (requerit)\n<\/p>\n<p><span class=\"wpcf7-form-control-wrap\" data-name=\"your-email\"><input size=\"40\" maxlength=\"400\" class=\"wpcf7-form-control wpcf7-email wpcf7-validates-as-required wpcf7-text wpcf7-validates-as-email form-control\" aria-required=\"true\" aria-invalid=\"false\" value=\"\" type=\"email\" name=\"your-email\" \/><\/span>\n<\/p>\n<p>Assumpte\n<\/p>\n<p><span class=\"wpcf7-form-control-wrap\" data-name=\"your-subject\"><input size=\"40\" maxlength=\"400\" class=\"wpcf7-form-control wpcf7-text form-control\" aria-invalid=\"false\" value=\"\" type=\"text\" name=\"your-subject\" \/><\/span>\n<\/p>\n<p>Missatge\n<\/p>\n<p><span class=\"wpcf7-form-control-wrap\" data-name=\"your-message\"><textarea cols=\"40\" rows=\"10\" maxlength=\"2000\" class=\"wpcf7-form-control wpcf7-textarea form-control\" aria-invalid=\"false\" name=\"your-message\"><\/textarea><\/span>\n<\/p>\n<p><br \/>\n<span class=\"wpcf7-form-control-wrap\" data-name=\"your-country\"><span class=\"wpcf7-form-control wpcf7-checkbox wpcf7-validates-as-required form-control\"><span class=\"wpcf7-list-item first last\"><label><input type=\"checkbox\" name=\"your-country[]\" value=\"ACCEPTO que les dades personals que proporciono en aquest formulari seran utilitzades per atendre les meves consultes i \/ o permetre l&#039;acc\u00e9s a una informaci\u00f3 espec\u00edfica.\" \/><span class=\"wpcf7-list-item-label\">ACCEPTO que les dades personals que proporciono en aquest formulari seran utilitzades per atendre les meves consultes i \/ o permetre l&#039;acc\u00e9s a una informaci\u00f3 espec\u00edfica.<\/span><\/label><\/span><\/span><\/span><a href=\"\/termes-i-condicions\/\">Veure Pol\u00edtica de privacitat<\/a>\n<\/p>\n<p><input class=\"wpcf7-form-control wpcf7-submit has-spinner btn btn-primary\" type=\"submit\" value=\"Enviar\" \/>\n<\/p>\n<table style=\"width: 842px; height: 136px;\">\n\t<tbody>\n\t\t<tr style=\"background-color: #f9f9f9 !important; border-bottom: 1px solid white;\">\n\t\t\t<td style=\"width: 405px; padding-left: 25px; padding-bottom: 10px; padding-top: 10px;\">\n\t\t\t\t<p>RESPONSABLE\n\t\t\t\t<\/p>\n\t\t\t<\/td>\n\t\t\t<td style=\"width: 436px; padding-right: 25px; padding-bottom: 10px; padding-top: 10px;\">\n\t\t\t\t<p>Parc Quimic\n\t\t\t\t<\/p>\n\t\t\t<\/td>\n\t\t<\/tr>\n\t\t<tr style=\"background-color: white !important;\">\n\t\t\t<td style=\"width: 405px; padding-left: 25px; padding-bottom: 10px; padding-top: 10px;\">\n\t\t\t\t<p>FINALIDAD\n\t\t\t\t<\/p>\n\t\t\t<\/td>\n\t\t\t<td style=\"width: 436px; padding-right: 25px; padding-bottom: 10px; padding-top: 10px;\">\n\t\t\t\t<p>Env\u00edo de informaci\u00f3n solicitada y presentaci\u00f3n del servicio.\n\t\t\t\t<\/p>\n\t\t\t<\/td>\n\t\t<\/tr>\n\t\t<tr style=\"background-color: #f9f9f9 !important; border-bottom: 1px solid white;\">\n\t\t\t<td style=\"width: 405px; padding-left: 25px; padding-bottom: 10px; padding-top: 10px;\">\n\t\t\t\t<p>LEGITIMACION\n\t\t\t\t<\/p>\n\t\t\t<\/td>\n\t\t\t<td style=\"width: 436px; padding-right: 25px; padding-bottom: 10px; padding-top: 10px;\">\n\t\t\t\t<p>Consentimiento del interesado\n\t\t\t\t<\/p>\n\t\t\t<\/td>\n\t\t<\/tr>\n\t\t<tr style=\"background-color: white !important;\">\n\t\t\t<td style=\"width: 405px; padding-left: 25px; padding-bottom: 10px; padding-top: 10px;\">\n\t\t\t\t<p>DESTINATARIOS\n\t\t\t\t<\/p>\n\t\t\t<\/td>\n\t\t\t<td style=\"width: 436px; padding-right: 25px; padding-bottom: 10px; padding-top: 10px;\">\n\t\t\t\t<p>Klevermail como plataforma de env\u00edo de newsletters recibir\u00e1 datos para gestionar las suscripciones.\n\t\t\t\t<\/p>\n\t\t\t<\/td>\n\t\t<\/tr>\n\t\t<tr style=\"background-color: #f9f9f9 !important; border-bottom: 1px solid white;\">\n\t\t\t<td style=\"width: 405px; padding-left: 25px; padding-bottom: 10px; padding-top: 10px;\">\n\t\t\t\t<p>DERECHOS\n\t\t\t\t<\/p>\n\t\t\t<\/td>\n\t\t\t<td style=\"width: 436px; padding-right: 25px; padding-bottom: 10px; padding-top: 10px;\">\n\t\t\t\t<p>A acceder, rectificar y suprimir los datos, as\u00ed como otros derechos detallados en la informaci\u00f3n adicional.\n\t\t\t\t<\/p>\n\t\t\t<\/td>\n\t\t<\/tr>\n\t\t<tr style=\"background-color: white !important;\">\n\t\t\t<td style=\"width: 405px; padding-left: 25px; padding-bottom: 10px; padding-top: 10px;\">\n\t\t\t\t<p>INFORMACION ADICIONAL\n\t\t\t\t<\/p>\n\t\t\t<\/td>\n\t\t\t<td style=\"width: 436px; padding-right: 25px; padding-bottom: 10px; padding-top: 10px;\">\n\t\t\t\t<p>Disponible la informaci\u00f3n adicional y detallada sobre la Protecci\u00f3n de Datos Personales\n\t\t\t\t<\/p>\n\t\t\t<\/td>\n\t\t<\/tr>\n\t\t<tr style=\"background-color: #f9f9f9 !important; border-bottom: 1px solid white;\">\n\t\t\t<td style=\"width: 405px; padding-left: 25px; padding-bottom: 10px; padding-top: 10px;\">\n\t\t\t\t<p>M\u00c1S INFORMACI\u00d3N\n\t\t\t\t<\/p>\n\t\t\t<\/td>\n\t\t\t<td style=\"width: 436px; padding-right: 25px; padding-bottom: 10px; padding-top: 10px;\">\n\t\t\t\t<p><a style=\"color: black;\" href=\"\/aviso-legal\/\"> Aviso Legal <\/a>\n\t\t\t\t<\/p>\n\t\t\t<\/td>\n\t\t<\/tr>\n\t<\/tbody>\n<\/table><div class=\"wpcf7-response-output\" aria-hidden=\"true\"><\/div>\n<\/form>\n<\/div>\n<br \/>\n<\/div>\n<div  class=\"col-md-4 animated\" data-fx=\"fadeInRight\">&nbsp;<br \/>\n\r\n                 \r\n            <dl>\r\n            <dt>Address<\/dt>\r\n            <dd>Av. Marqu\u00e8s de Montoliu, 2 entresol<br \/>\n43002 TARRAGONA, Espanya<\/dd>\r\n\r\n            <dt>Phone number<\/dt>\r\n            <dd>+34 977 252 308<br><\/dd>\r\n\r\n            <dt>Email<\/dt>\r\n            <dd> <a href=\"mailto:info@parcquimic.com\">info@parcquimic.com<\/a><br><\/dd>\r\n            <\/dl>\r\n            \n<\/div>\n<\/div><\/div><\/div>\n<\/div><\/section>\n<section  class=\"content-area bg2 animated\" id=\"chapter760\" data-topspace=\"0\" data-btmspace=\"0\" data-fx=\"none\" ><div class=\"container  \" >\n<\/div>\n<div  class=\"googleMap\" data-height=\"410\" data-offset=\"0\" data-location=\"marques montoliu 2 43002 TARRAGONA, Spain\" data-latitude=\"0\" data-longitude=\"0\" data-map_draggable=\"true\" data-street_view=\"true\" data-map_type=\"HYBRID\" data-zoom=\"17\" id=\"gmap467\"><\/div>\n<div class=\"container\">\n<\/div><\/section>\n","protected":false},"excerpt":{"rendered":"","protected":false},"author":1,"featured_media":0,"parent":0,"menu_order":0,"comment_status":"open","ping_status":"closed","template":"","meta":{"footnotes":""},"class_list":["post-6726","page","type-page","status-publish","hentry"],"_links":{"self":[{"href":"https:\/\/www.parcquimic.com\/es\/wp-json\/wp\/v2\/pages\/6726","targetHints":{"allow":["GET"]}}],"collection":[{"href":"https:\/\/www.parcquimic.com\/es\/wp-json\/wp\/v2\/pages"}],"about":[{"href":"https:\/\/www.parcquimic.com\/es\/wp-json\/wp\/v2\/types\/page"}],"author":[{"embeddable":true,"href":"https:\/\/www.parcquimic.com\/es\/wp-json\/wp\/v2\/users\/1"}],"replies":[{"embeddable":true,"href":"https:\/\/www.parcquimic.com\/es\/wp-json\/wp\/v2\/comments?post=6726"}],"version-history":[{"count":0,"href":"https:\/\/www.parcquimic.com\/es\/wp-json\/wp\/v2\/pages\/6726\/revisions"}],"wp:attachment":[{"href":"https:\/\/www.parcquimic.com\/es\/wp-json\/wp\/v2\/media?parent=6726"}],"curies":[{"name":"wp","href":"https:\/\/api.w.org\/{rel}","templated":true}]}}